{"id":10028,"date":"2021-05-06T12:51:09","date_gmt":"2021-05-06T11:51:09","guid":{"rendered":"https:\/\/www.veveglass.com\/consigli-per-la-cura\/"},"modified":"2023-10-20T15:35:09","modified_gmt":"2023-10-20T14:35:09","slug":"consigli-per-la-cura","status":"publish","type":"page","link":"https:\/\/www.veveglass.com\/it\/consigli-per-la-cura\/","title":{"rendered":"Consigli per la cura"},"content":{"rendered":"\t\t<div data-elementor-type=\"wp-page\" data-elementor-id=\"10028\" class=\"elementor elementor-10028 elementor-4045\" data-elementor-post-type=\"page\">\n\t\t\t\t\t\t<section class=\"elementor-section elementor-top-section elementor-element elementor-element-4d8958d4 elementor-section-stretched elementor-section-boxed elementor-section-height-default elementor-section-height-default\" data-id=\"4d8958d4\" data-element_type=\"section\" data-e-type=\"section\" data-settings=\"{&quot;background_background&quot;:&quot;classic&quot;,&quot;stretch_section&quot;:&quot;section-stretched&quot;}\">\n\t\t\t\t\t\t<div class=\"elementor-container elementor-column-gap-default\">\n\t\t\t\t\t<div class=\"elementor-column elementor-col-100 elementor-top-column elementor-element elementor-element-19cc0e9\" data-id=\"19cc0e9\" data-element_type=\"column\" data-e-type=\"column\">\n\t\t\t<div class=\"elementor-widget-wrap elementor-element-populated\">\n\t\t\t\t\t\t<div class=\"elementor-element elementor-element-1fb545a9 elementor-widget elementor-widget-spacer\" data-id=\"1fb545a9\" data-element_type=\"widget\" data-e-type=\"widget\" data-widget_type=\"spacer.default\">\n\t\t\t\t<div class=\"elementor-widget-container\">\n\t\t\t\t\t\t\t<div class=\"elementor-spacer\">\n\t\t\t<div class=\"elementor-spacer-inner\"><\/div>\n\t\t<\/div>\n\t\t\t\t\t\t<\/div>\n\t\t\t\t<\/div>\n\t\t\t\t\t<\/div>\n\t\t<\/div>\n\t\t\t\t\t<\/div>\n\t\t<\/section>\n\t\t\t\t<section class=\"elementor-section elementor-top-section elementor-element elementor-element-49c9eb3 elementor-section-boxed elementor-section-height-default elementor-section-height-default\" data-id=\"49c9eb3\" data-element_type=\"section\" data-e-type=\"section\">\n\t\t\t\t\t\t<div class=\"elementor-container elementor-column-gap-default\">\n\t\t\t\t\t<div class=\"elementor-column elementor-col-33 elementor-top-column elementor-element elementor-element-2a936ae\" data-id=\"2a936ae\" data-element_type=\"column\" data-e-type=\"column\">\n\t\t\t<div class=\"elementor-widget-wrap\">\n\t\t\t\t\t\t\t<\/div>\n\t\t<\/div>\n\t\t\t\t<div class=\"elementor-column elementor-col-33 elementor-top-column elementor-element elementor-element-791c54c\" data-id=\"791c54c\" data-element_type=\"column\" data-e-type=\"column\">\n\t\t\t<div class=\"elementor-widget-wrap elementor-element-populated\">\n\t\t\t\t\t\t<div class=\"elementor-element elementor-element-b5af625 elementor-widget elementor-widget-heading\" data-id=\"b5af625\" data-element_type=\"widget\" data-e-type=\"widget\" data-widget_type=\"heading.default\">\n\t\t\t\t<div class=\"elementor-widget-container\">\n\t\t\t\t\t<h2 class=\"elementor-heading-title elementor-size-default\">Consigli per la cura<\/h2>\t\t\t\t<\/div>\n\t\t\t\t<\/div>\n\t\t\t\t<div class=\"elementor-element elementor-element-a14f082 elementor-widget elementor-widget-text-editor\" data-id=\"a14f082\" data-element_type=\"widget\" data-e-type=\"widget\" data-widget_type=\"text-editor.default\">\n\t\t\t\t<div class=\"elementor-widget-container\">\n\t\t\t\t\t\t\t\t\t<p>Il vetro \u00e8 un materiale delicato e va trattato con particolare cura e rispetto per evitare danni per i quali l&#8217;azienda non si assume alcuna responsabilit\u00e0. Per preservare nel tempo il prodotto in buone condizioni e il suo aspetto originale, si consiglia di trattare i prodotti con cura. Attenersi alle aree descritte di seguito. Tieni presente che i prodotti V\u00e9V\u00e9Glass sono solo prodotti decorativi e sono destinati esclusivamente alla decorazione. Tutti gli altri usi sono considerati impropri e possono provocare danni all&#8217;oggetto o anche lesioni personali. V\u00e9V\u00e9Glass non si assume alcuna responsabilit\u00e0 per danni causati da un uso improprio del prodotto.<\/p>\n\t\t\t\t\t\t\t\t<\/div>\n\t\t\t\t<\/div>\n\t\t\t\t<div class=\"elementor-element elementor-element-fcb0db1 elementor-widget elementor-widget-text-editor\" data-id=\"fcb0db1\" data-element_type=\"widget\" data-e-type=\"widget\" data-widget_type=\"text-editor.default\">\n\t\t\t\t<div class=\"elementor-widget-container\">\n\t\t\t\t\t\t\t\t\t<ul>\n<li>Non posizionare i prodotti in vetro rifiniti a mano in alcun tipo di forno, lavastoviglie, microonde o altri macchinari simili. Ci\u00f2 eviter\u00e0 danni ai prodotti in vetro o ai dispositivi.<\/li>\n<li>Lucidare frequentemente e accuratamente il prodotto in vetro con un panno morbido e privo di lanugine o pulirlo a mano con acqua tiepida per mantenere la sua finitura originale e brillante.<\/li>\n<li>Asciugare con un panno morbido e privo di lanugine per massimizzare la brillantezza. Quando si maneggia il prodotto in vetro, si consiglia di indossare guanti di cotone o lattice per evitare di lasciare impronte digitali.<\/li>\n<li>Evitare il contatto diretto con materiali aggressivi e abrasivi, acidi, solventi e detergenti non idonei, poich\u00e9 potrebbero danneggiare il vetro e ridurre la durata del prodotto, oltre a causare scolorimento e perdita di brillantezza.<\/li>\n<li>Evitare di versare liquidi molto caldi su vetro freddo o liquidi molto freddi su vetro caldo. Estremi sbalzi di temperatura possono rompere il vetro.<\/li>\n<li>Evitare il contatto diretto con grasso, acqua, vino e aceto, liquori, disincrostanti, profumi, deodoranti o altre sostanze profumate, spray, sapone e \/ o trucco per evitare macchie.<\/li>\n<li>Evita il contatto violento (ad es. urti contro altri oggetti) che possono graffiare o scheggiare il vetro.<\/li>\n<li>Se conservi il tuo prodotto in vetro, tienilo nella confezione originale o avvolgilo in una custodia morbida per evitare polvere e graffi.<\/li>\n<li>I prodotti in vetro non sono giocattoli. I bambini, gli infermi e le persone disabili non devono giocare con il prodotto in vetro. Devono essere sorvegliati per assicurarsi che non giochino con il prodotto. Il vetro pu\u00f2 causare lesioni gravi.<\/li>\n<li>Dopo la rottura del vetro, smaltire sempre i vetri rotti in modo rapido e sicuro. Avvolgere il vetro rotto nella carta di giornale prima di metterlo nel cestino. Un uso improprio pu\u00f2 avere gravi conseguenze.<\/li>\n<\/ul>\n\t\t\t\t\t\t\t\t<\/div>\n\t\t\t\t<\/div>\n\t\t\t\t<div class=\"elementor-element elementor-element-58f32cb elementor-widget elementor-widget-text-editor\" data-id=\"58f32cb\" data-element_type=\"widget\" data-e-type=\"widget\" data-widget_type=\"text-editor.default\">\n\t\t\t\t<div class=\"elementor-widget-container\">\n\t\t\t\t\t\t\t\t\t<p>Al termine del suo utilizzo, il prodotto in vetro non deve essere smaltito come rifiuto urbano. Deve essere portato presso un apposito centro di raccolta differenziata dell&#8217;autorit\u00e0 locale o presso un contenitore di vetro che fornisce questo servizio. Smaltire separatamente un prodotto in vetro evita possibili conseguenze negative per l&#8217;ambiente e per la salute derivanti da uno smaltimento inappropriato e consente di recuperare i materiali costituenti per ottenere significativi risparmi di energia e risorse.<\/p>\n\t\t\t\t\t\t\t\t<\/div>\n\t\t\t\t<\/div>\n\t\t\t\t\t<\/div>\n\t\t<\/div>\n\t\t\t\t<div class=\"elementor-column elementor-col-33 elementor-top-column elementor-element elementor-element-e228116\" data-id=\"e228116\" data-element_type=\"column\" data-e-type=\"column\">\n\t\t\t<div class=\"elementor-widget-wrap\">\n\t\t\t\t\t\t\t<\/div>\n\t\t<\/div>\n\t\t\t\t\t<\/div>\n\t\t<\/section>\n\t\t\t\t<\/div>\n\t\t","protected":false},"excerpt":{"rendered":"<p>Consigli per la cura Il vetro \u00e8 un materiale delicato e va trattato con particolare cura e rispetto per evitare danni per i quali l&#8217;azienda non si assume alcuna responsabilit\u00e0. Per preservare nel tempo il prodotto in buone condizioni e il suo aspetto originale, si consiglia di trattare i prodotti con cura. Attenersi alle aree [&hellip;]<\/p>\n","protected":false},"author":1,"featured_media":0,"parent":0,"menu_order":30,"comment_status":"closed","ping_status":"closed","template":"","meta":{"ocean_post_layout":"full-screen","ocean_both_sidebars_style":"","ocean_both_sidebars_content_width":0,"ocean_both_sidebars_sidebars_width":0,"ocean_sidebar":"0","ocean_second_sidebar":"0","ocean_disable_margins":"enable","ocean_add_body_class":"","ocean_shortcode_before_top_bar":"","ocean_shortcode_after_top_bar":"","ocean_shortcode_before_header":"","ocean_shortcode_after_header":"","ocean_has_shortcode":"","ocean_shortcode_after_title":"","ocean_shortcode_before_footer_widgets":"","ocean_shortcode_after_footer_widgets":"","ocean_shortcode_before_footer_bottom":"","ocean_shortcode_after_footer_bottom":"","ocean_display_top_bar":"default","ocean_display_header":"default","ocean_header_style":"","ocean_center_header_left_menu":"0","ocean_custom_header_template":"0","ocean_custom_logo":0,"ocean_custom_retina_logo":0,"ocean_custom_logo_max_width":0,"ocean_custom_logo_tablet_max_width":0,"ocean_custom_logo_mobile_max_width":0,"ocean_custom_logo_max_height":0,"ocean_custom_logo_tablet_max_height":0,"ocean_custom_logo_mobile_max_height":0,"ocean_header_custom_menu":"0","ocean_menu_typo_font_family":"0","ocean_menu_typo_font_subset":"","ocean_menu_typo_font_size":0,"ocean_menu_typo_font_size_tablet":0,"ocean_menu_typo_font_size_mobile":0,"ocean_menu_typo_font_size_unit":"px","ocean_menu_typo_font_weight":"","ocean_menu_typo_font_weight_tablet":"","ocean_menu_typo_font_weight_mobile":"","ocean_menu_typo_transform":"","ocean_menu_typo_transform_tablet":"","ocean_menu_typo_transform_mobile":"","ocean_menu_typo_line_height":0,"ocean_menu_typo_line_height_tablet":0,"ocean_menu_typo_line_height_mobile":0,"ocean_menu_typo_line_height_unit":"","ocean_menu_typo_spacing":0,"ocean_menu_typo_spacing_tablet":0,"ocean_menu_typo_spacing_mobile":0,"ocean_menu_typo_spacing_unit":"","ocean_menu_link_color":"","ocean_menu_link_color_hover":"","ocean_menu_link_color_active":"","ocean_menu_link_background":"","ocean_menu_link_hover_background":"","ocean_menu_link_active_background":"","ocean_menu_social_links_bg":"","ocean_menu_social_hover_links_bg":"","ocean_menu_social_links_color":"","ocean_menu_social_hover_links_color":"","ocean_disable_title":"on","ocean_disable_heading":"default","ocean_post_title":"","ocean_post_subheading":"","ocean_post_title_style":"","ocean_post_title_background_color":"","ocean_post_title_background":0,"ocean_post_title_bg_image_position":"","ocean_post_title_bg_image_attachment":"","ocean_post_title_bg_image_repeat":"","ocean_post_title_bg_image_size":"","ocean_post_title_height":0,"ocean_post_title_bg_overlay":0.5,"ocean_post_title_bg_overlay_color":"","ocean_disable_breadcrumbs":"default","ocean_breadcrumbs_color":"","ocean_breadcrumbs_separator_color":"","ocean_breadcrumbs_links_color":"","ocean_breadcrumbs_links_hover_color":"","ocean_display_footer_widgets":"default","ocean_display_footer_bottom":"default","ocean_custom_footer_template":"0","footnotes":""},"class_list":["post-10028","page","type-page","status-publish","hentry","entry"],"_links":{"self":[{"href":"https:\/\/www.veveglass.com\/it\/wp-json\/wp\/v2\/pages\/10028","targetHints":{"allow":["GET"]}}],"collection":[{"href":"https:\/\/www.veveglass.com\/it\/wp-json\/wp\/v2\/pages"}],"about":[{"href":"https:\/\/www.veveglass.com\/it\/wp-json\/wp\/v2\/types\/page"}],"author":[{"embeddable":true,"href":"https:\/\/www.veveglass.com\/it\/wp-json\/wp\/v2\/users\/1"}],"replies":[{"embeddable":true,"href":"https:\/\/www.veveglass.com\/it\/wp-json\/wp\/v2\/comments?post=10028"}],"version-history":[{"count":11,"href":"https:\/\/www.veveglass.com\/it\/wp-json\/wp\/v2\/pages\/10028\/revisions"}],"predecessor-version":[{"id":16251,"href":"https:\/\/www.veveglass.com\/it\/wp-json\/wp\/v2\/pages\/10028\/revisions\/16251"}],"wp:attachment":[{"href":"https:\/\/www.veveglass.com\/it\/wp-json\/wp\/v2\/media?parent=10028"}],"curies":[{"name":"wp","href":"https:\/\/api.w.org\/{rel}","templated":true}]}}