{"id":12422,"date":"2022-03-15T16:38:13","date_gmt":"2022-03-15T15:38:13","guid":{"rendered":"https:\/\/www.veveglass.com\/disclaimer\/"},"modified":"2023-10-20T13:59:50","modified_gmt":"2023-10-20T12:59:50","slug":"disclaimer","status":"publish","type":"page","link":"https:\/\/www.veveglass.com\/it\/disclaimer\/","title":{"rendered":"Disclaimer"},"content":{"rendered":"\t\t<div data-elementor-type=\"wp-page\" data-elementor-id=\"12422\" class=\"elementor elementor-12422 elementor-12393\" data-elementor-post-type=\"page\">\n\t\t\t\t\t\t<section class=\"elementor-section elementor-top-section elementor-element elementor-element-1d6e690d elementor-section-boxed elementor-section-height-default elementor-section-height-default\" data-id=\"1d6e690d\" data-element_type=\"section\" data-e-type=\"section\" data-settings=\"{&quot;background_background&quot;:&quot;classic&quot;}\">\n\t\t\t\t\t\t<div class=\"elementor-container elementor-column-gap-default\">\n\t\t\t\t\t<div class=\"elementor-column elementor-col-100 elementor-top-column elementor-element elementor-element-4a222a85\" data-id=\"4a222a85\" data-element_type=\"column\" data-e-type=\"column\">\n\t\t\t<div class=\"elementor-widget-wrap elementor-element-populated\">\n\t\t\t\t\t\t<div class=\"elementor-element elementor-element-47a6131f elementor-widget elementor-widget-spacer\" data-id=\"47a6131f\" data-element_type=\"widget\" data-e-type=\"widget\" data-widget_type=\"spacer.default\">\n\t\t\t\t<div class=\"elementor-widget-container\">\n\t\t\t\t\t\t\t<div class=\"elementor-spacer\">\n\t\t\t<div class=\"elementor-spacer-inner\"><\/div>\n\t\t<\/div>\n\t\t\t\t\t\t<\/div>\n\t\t\t\t<\/div>\n\t\t\t\t\t<\/div>\n\t\t<\/div>\n\t\t\t\t\t<\/div>\n\t\t<\/section>\n\t\t\t\t<section class=\"elementor-section elementor-top-section elementor-element elementor-element-971f05f elementor-section-boxed elementor-section-height-default elementor-section-height-default\" data-id=\"971f05f\" data-element_type=\"section\" data-e-type=\"section\">\n\t\t\t\t\t\t<div class=\"elementor-container elementor-column-gap-default\">\n\t\t\t\t\t<div class=\"elementor-column elementor-col-100 elementor-top-column elementor-element elementor-element-496bc8a\" data-id=\"496bc8a\" data-element_type=\"column\" data-e-type=\"column\">\n\t\t\t<div class=\"elementor-widget-wrap elementor-element-populated\">\n\t\t\t\t\t\t<div class=\"elementor-element elementor-element-5976b71 elementor-widget elementor-widget-heading\" data-id=\"5976b71\" data-element_type=\"widget\" data-e-type=\"widget\" data-widget_type=\"heading.default\">\n\t\t\t\t<div class=\"elementor-widget-container\">\n\t\t\t\t\t<h2 class=\"elementor-heading-title elementor-size-default\">Disclaimer<\/h2>\t\t\t\t<\/div>\n\t\t\t\t<\/div>\n\t\t\t\t\t<\/div>\n\t\t<\/div>\n\t\t\t\t\t<\/div>\n\t\t<\/section>\n\t\t\t\t<section class=\"elementor-section elementor-top-section elementor-element elementor-element-eb7a42a elementor-section-boxed elementor-section-height-default elementor-section-height-default\" data-id=\"eb7a42a\" data-element_type=\"section\" data-e-type=\"section\">\n\t\t\t\t\t\t<div class=\"elementor-container elementor-column-gap-default\">\n\t\t\t\t\t<div class=\"elementor-column elementor-col-100 elementor-top-column elementor-element elementor-element-62079da\" data-id=\"62079da\" data-element_type=\"column\" data-e-type=\"column\">\n\t\t\t<div class=\"elementor-widget-wrap elementor-element-populated\">\n\t\t\t\t\t\t<div class=\"elementor-element elementor-element-c63e44d elementor-widget elementor-widget-text-editor\" data-id=\"c63e44d\" data-element_type=\"widget\" data-e-type=\"widget\" data-widget_type=\"text-editor.default\">\n\t\t\t\t<div class=\"elementor-widget-container\">\n\t\t\t\t\t\t\t\t\t<p>Si prega di leggere attentamente questo Disclaimer, e V\u00e9V\u00e9 Glass si riserva il diritto di modificarlo in qualsiasi momento senza preavviso.\u00a0\u00a0Visitando e utilizzando questo sito web, accettate e accettate di essere vincolati da questo Disclaimer insieme alla nostra Politica sulla Privacy e alle Condizioni d&#8217;Uso. L&#8217;uso continuato del sito web implica l&#8217;accettazione di future modifiche e aggiornamenti del presente Disclaimer. Non si deve accedere o utilizzare il sito web se non si desidera essere vincolati da questo Disclaimer.<\/p>\n<p><strong>Disclaimer generale<\/strong><\/p>\n<p>Tutte le informazioni e i contenuti pubblicati nella sezione Blog del sito web (&#8220;Informazioni&#8221;) sono solo a scopo informativo ed educativo, non costituiscono una consulenza professionale e non stabiliscono alcun tipo di rapporto professionista-cliente con l&#8217;uso di questo sito web.<\/p>\n<p>Anche se V\u00e9V\u00e9 Glass si sforza di fornire informazioni generali accurate, le informazioni qui presentate non sostituiscono alcun tipo di consulenza professionale, e non si dovrebbe fare affidamento esclusivamente su tali informazioni. Consultate sempre un professionista locale per le vostre particolari esigenze e circostanze prima di prendere qualsiasi decisione professionale, legale, finanziaria o fiscale.<\/p>\n<p><strong>Affiliati\/Terzi<\/strong><\/p>\n<p>V\u00e9V\u00e9 Glass pu\u00f2 collaborare con altre aziende o entrare a far parte di vari programmi di marketing affiliato i cui prodotti o servizi possono essere promossi o pubblicizzati sul sito in cambio di commissioni e\/o ricompense finanziarie quando clicchi e\/o acquisti quei prodotti o servizi attraverso i nostri link affiliati.<\/p>\n<p>V\u00e9V\u00e9 Glass pu\u00f2 anche raccomandare altri prodotti e servizi, ma nessun riferimento \u00e8 inteso come un&#8217;approvazione o una dichiarazione che tali informazioni fornite siano accurate. Sulla base dell&#8217;esperienza, ma sempre sotto la responsabilit\u00e0 dell&#8217;utente, raccomandiamo di condurre la propria due diligence per assicurarsi di aver ottenuto informazioni complete e accurate su questi prodotti e servizi.<\/p>\n<p>Queste relazioni di affiliazione o di terzi non compromettono in alcun modo l&#8217;integrit\u00e0 del contenuto, delle informazioni, dei servizi e dei materiali presentati qui e non \u00e8 necessario cliccare su questi link di affiliazione per acquistare quei prodotti o servizi offerti. Questi programmi di affiliazione sono selezionati sulla base di esperienze e preferenze personali.<\/p>\n<p>Sebbene V\u00e9V\u00e9 Glass fornisca questi link di affiliazione sul sito per la comodit\u00e0 dell&#8217;utente, non ha alcun controllo su questi siti esterni ed essi sono gli unici responsabili del loro contenuto e delle informazioni presentate. Pertanto, V\u00e9V\u00e9 Glass e\/o i suoi funzionari, dipendenti, successori, azionisti, partner di joint venture o chiunque altro lavori con noi non possono essere ritenuti responsabili per qualsiasi contenuto presentato su questi siti esterni e per eventuali danni derivanti da essi.<\/p>\n<p><strong>NESSUNA GARANZIA\u00a0<\/strong><\/p>\n<p>TUTTI I CONTENUTI, LE INFORMAZIONI, I PRODOTTI E\/O I SERVIZI DEL SITO WEB SONO &#8220;COS\u00cc COME SONO&#8221; E &#8220;COME DISPONIBILI&#8221; SENZA ALCUNA DICHIARAZIONE O GARANZIA DI ALCUN TIPO, COMPRESE LE GARANZIE DI COMMERCIABILIT\u00c0 O IDONEIT\u00c0 PER QUALSIASI SCOPO, ESPRESSE O IMPLICITE NELLA MISURA MASSIMA CONSENTITA DALLA LEGGE.<\/p>\n<p>V\u00e9V\u00e9 Glass NON FORNISCE ALCUNA DICHIARAZIONE O GARANZIA IN MERITO AL CONTENUTO, ALLE INFORMAZIONI, AI MATERIALI, AI PRODOTTI E\/O AI SERVIZI FORNITI SU QUESTO SITO WEB.<\/p>\n<p>V\u00e9V\u00e9 Glass NON FORNISCE ALCUNA GARANZIA CHE IL SITO WEB FUNZIONERA&#8217; O FUNZIONERA&#8217; PER SODDISFARE I REQUISITI DELL&#8217;UTENTE O CHE LE INFORMAZIONI PRESENTATE QUI SARANNO COMPLETE, ATTUALI O SENZA ERRORI.<\/p>\n<p>V\u00e9V\u00e9 Glass declina tutte le garanzie, implicite ed esplicite, per qualsiasi scopo, nella misura massima consentita dalla legge.<\/p>\n<p><strong>LIMITAZIONE DI RESPONSABILIT\u00c0<\/strong><\/p>\n<p>Accettate che in nessuna circostanza, V\u00e9V\u00e9 Glass e\/o i suoi funzionari, impiegati, successori, azionisti, partner di joint venture o chiunque altro lavori per loro saranno responsabili per qualsiasi danno diretto, indiretto, incidentale, consequenziale, equo, speciale, punitivo, esemplare o qualsiasi altro danno risultante dal vostro uso di questo sito web, incluso ma non limitato a tutti i contenuti, informazioni, prodotti, servizi e grafica qui presentati.<\/p>\n<p>Lei accetta espressamente che l&#8217;uso del sito web \u00e8 a suo unico rischio e che lei \u00e8 l&#8217;unico responsabile dell&#8217;accuratezza delle informazioni personali e di qualsiasi altra informazione fornita, del risultato delle sue azioni, dei risultati personali e commerciali, e di qualsiasi altro uso in relazione al sito web.<\/p>\n<p>Accetti inoltre espressamente che V\u00e9V\u00e9 Glass e\/o i suoi funzionari, impiegati, successori, azionisti, partner di joint venture o chiunque altro lavori per loro non saranno responsabili nei tuoi confronti per qualsiasi danno derivante da 1) qualsiasi errore o omissione sul sito, ritardo o negazione di qualsiasi prodotto o servizio, mancata esecuzione di qualsiasi tipo, interruzione del funzionamento e del tuo utilizzo del sito, attacchi al sito web inclusi virus informatici, hacking di informazioni, e qualsiasi altro guasto del sistema; 2) qualsiasi perdita di reddito, uso, dati, entrate, profitti, affari o qualsiasi avviamento relativo al sito web; 3) qualsiasi furto o accesso non autorizzato da parte di terzi delle vostre informazioni dal sito web, indipendentemente dalla nostra negligenza; e 4) qualsiasi uso o abuso delle informazioni, prodotti e\/o servizi offerti qui.<\/p>\n<p>Questa limitazione di responsabilit\u00e0 si applica sia che tale responsabilit\u00e0 derivi da negligenza, violazione del contratto, torto o qualsiasi altra teoria legale di responsabilit\u00e0. Accettate che V\u00e9V\u00e9 Glass non vi fornisca alcuna garanzia esplicita o implicita per il contenuto presentato qui, e accettate che nessun risultato particolare vi venga promesso qui.<\/p>\n<p>Ultimo aggiornamento \u2013 13 giugno 2020<\/p>\n\t\t\t\t\t\t\t\t<\/div>\n\t\t\t\t<\/div>\n\t\t\t\t\t<\/div>\n\t\t<\/div>\n\t\t\t\t\t<\/div>\n\t\t<\/section>\n\t\t\t\t<\/div>\n\t\t","protected":false},"excerpt":{"rendered":"<p>Disclaimer Si prega di leggere attentamente questo Disclaimer, e V\u00e9V\u00e9 Glass si riserva il diritto di modificarlo in qualsiasi momento senza preavviso.\u00a0\u00a0Visitando e utilizzando questo sito web, accettate e accettate di essere vincolati da questo Disclaimer insieme alla nostra Politica sulla Privacy e alle Condizioni d&#8217;Uso. L&#8217;uso continuato del sito web implica l&#8217;accettazione di future [&hellip;]<\/p>\n","protected":false},"author":1,"featured_media":0,"parent":0,"menu_order":38,"comment_status":"closed","ping_status":"closed","template":"","meta":{"ocean_post_layout":"full-screen","ocean_both_sidebars_style":"","ocean_both_sidebars_content_width":0,"ocean_both_sidebars_sidebars_width":0,"ocean_sidebar":"0","ocean_second_sidebar":"0","ocean_disable_margins":"enable","ocean_add_body_class":"","ocean_shortcode_before_top_bar":"","ocean_shortcode_after_top_bar":"","ocean_shortcode_before_header":"","ocean_shortcode_after_header":"","ocean_has_shortcode":"","ocean_shortcode_after_title":"","ocean_shortcode_before_footer_widgets":"","ocean_shortcode_after_footer_widgets":"","ocean_shortcode_before_footer_bottom":"","ocean_shortcode_after_footer_bottom":"","ocean_display_top_bar":"default","ocean_display_header":"default","ocean_header_style":"","ocean_center_header_left_menu":"0","ocean_custom_header_template":"0","ocean_custom_logo":0,"ocean_custom_retina_logo":0,"ocean_custom_logo_max_width":0,"ocean_custom_logo_tablet_max_width":0,"ocean_custom_logo_mobile_max_width":0,"ocean_custom_logo_max_height":0,"ocean_custom_logo_tablet_max_height":0,"ocean_custom_logo_mobile_max_height":0,"ocean_header_custom_menu":"0","ocean_menu_typo_font_family":"0","ocean_menu_typo_font_subset":"","ocean_menu_typo_font_size":0,"ocean_menu_typo_font_size_tablet":0,"ocean_menu_typo_font_size_mobile":0,"ocean_menu_typo_font_size_unit":"px","ocean_menu_typo_font_weight":"","ocean_menu_typo_font_weight_tablet":"","ocean_menu_typo_font_weight_mobile":"","ocean_menu_typo_transform":"","ocean_menu_typo_transform_tablet":"","ocean_menu_typo_transform_mobile":"","ocean_menu_typo_line_height":0,"ocean_menu_typo_line_height_tablet":0,"ocean_menu_typo_line_height_mobile":0,"ocean_menu_typo_line_height_unit":"","ocean_menu_typo_spacing":0,"ocean_menu_typo_spacing_tablet":0,"ocean_menu_typo_spacing_mobile":0,"ocean_menu_typo_spacing_unit":"","ocean_menu_link_color":"","ocean_menu_link_color_hover":"","ocean_menu_link_color_active":"","ocean_menu_link_background":"","ocean_menu_link_hover_background":"","ocean_menu_link_active_background":"","ocean_menu_social_links_bg":"","ocean_menu_social_hover_links_bg":"","ocean_menu_social_links_color":"","ocean_menu_social_hover_links_color":"","ocean_disable_title":"on","ocean_disable_heading":"default","ocean_post_title":"","ocean_post_subheading":"","ocean_post_title_style":"","ocean_post_title_background_color":"","ocean_post_title_background":0,"ocean_post_title_bg_image_position":"","ocean_post_title_bg_image_attachment":"","ocean_post_title_bg_image_repeat":"","ocean_post_title_bg_image_size":"","ocean_post_title_height":0,"ocean_post_title_bg_overlay":0.5,"ocean_post_title_bg_overlay_color":"","ocean_disable_breadcrumbs":"default","ocean_breadcrumbs_color":"","ocean_breadcrumbs_separator_color":"","ocean_breadcrumbs_links_color":"","ocean_breadcrumbs_links_hover_color":"","ocean_display_footer_widgets":"default","ocean_display_footer_bottom":"default","ocean_custom_footer_template":"0","footnotes":""},"class_list":["post-12422","page","type-page","status-publish","hentry","entry"],"_links":{"self":[{"href":"https:\/\/www.veveglass.com\/it\/wp-json\/wp\/v2\/pages\/12422","targetHints":{"allow":["GET"]}}],"collection":[{"href":"https:\/\/www.veveglass.com\/it\/wp-json\/wp\/v2\/pages"}],"about":[{"href":"https:\/\/www.veveglass.com\/it\/wp-json\/wp\/v2\/types\/page"}],"author":[{"embeddable":true,"href":"https:\/\/www.veveglass.com\/it\/wp-json\/wp\/v2\/users\/1"}],"replies":[{"embeddable":true,"href":"https:\/\/www.veveglass.com\/it\/wp-json\/wp\/v2\/comments?post=12422"}],"version-history":[{"count":2,"href":"https:\/\/www.veveglass.com\/it\/wp-json\/wp\/v2\/pages\/12422\/revisions"}],"predecessor-version":[{"id":16173,"href":"https:\/\/www.veveglass.com\/it\/wp-json\/wp\/v2\/pages\/12422\/revisions\/16173"}],"wp:attachment":[{"href":"https:\/\/www.veveglass.com\/it\/wp-json\/wp\/v2\/media?parent=12422"}],"curies":[{"name":"wp","href":"https:\/\/api.w.org\/{rel}","templated":true}]}}