{"id":12424,"date":"2022-03-15T16:41:13","date_gmt":"2022-03-15T15:41:13","guid":{"rendered":"https:\/\/www.veveglass.com\/condizioni-duso\/"},"modified":"2023-10-20T13:57:54","modified_gmt":"2023-10-20T12:57:54","slug":"condizioni-duso","status":"publish","type":"page","link":"https:\/\/www.veveglass.com\/it\/condizioni-duso\/","title":{"rendered":"Condizioni d&#8217;uso"},"content":{"rendered":"\t\t<div data-elementor-type=\"wp-page\" data-elementor-id=\"12424\" class=\"elementor elementor-12424 elementor-12375\" data-elementor-post-type=\"page\">\n\t\t\t\t\t\t<section class=\"elementor-section elementor-top-section elementor-element elementor-element-7d209241 elementor-section-boxed elementor-section-height-default elementor-section-height-default\" data-id=\"7d209241\" data-element_type=\"section\" data-e-type=\"section\" data-settings=\"{&quot;background_background&quot;:&quot;classic&quot;}\">\n\t\t\t\t\t\t<div class=\"elementor-container elementor-column-gap-default\">\n\t\t\t\t\t<div class=\"elementor-column elementor-col-100 elementor-top-column elementor-element elementor-element-7e38ac65\" data-id=\"7e38ac65\" data-element_type=\"column\" data-e-type=\"column\">\n\t\t\t<div class=\"elementor-widget-wrap elementor-element-populated\">\n\t\t\t\t\t\t<div class=\"elementor-element elementor-element-62184b5f elementor-widget elementor-widget-spacer\" data-id=\"62184b5f\" data-element_type=\"widget\" data-e-type=\"widget\" data-widget_type=\"spacer.default\">\n\t\t\t\t<div class=\"elementor-widget-container\">\n\t\t\t\t\t\t\t<div class=\"elementor-spacer\">\n\t\t\t<div class=\"elementor-spacer-inner\"><\/div>\n\t\t<\/div>\n\t\t\t\t\t\t<\/div>\n\t\t\t\t<\/div>\n\t\t\t\t\t<\/div>\n\t\t<\/div>\n\t\t\t\t\t<\/div>\n\t\t<\/section>\n\t\t\t\t<section class=\"elementor-section elementor-top-section elementor-element elementor-element-ea25b37 elementor-section-boxed elementor-section-height-default elementor-section-height-default\" data-id=\"ea25b37\" data-element_type=\"section\" data-e-type=\"section\">\n\t\t\t\t\t\t<div class=\"elementor-container elementor-column-gap-default\">\n\t\t\t\t\t<div class=\"elementor-column elementor-col-100 elementor-top-column elementor-element elementor-element-994b2d9\" data-id=\"994b2d9\" data-element_type=\"column\" data-e-type=\"column\">\n\t\t\t<div class=\"elementor-widget-wrap elementor-element-populated\">\n\t\t\t\t\t\t<div class=\"elementor-element elementor-element-9382be2 elementor-widget elementor-widget-heading\" data-id=\"9382be2\" data-element_type=\"widget\" data-e-type=\"widget\" data-widget_type=\"heading.default\">\n\t\t\t\t<div class=\"elementor-widget-container\">\n\t\t\t\t\t<h2 class=\"elementor-heading-title elementor-size-default\">Condizioni d'uso<\/h2>\t\t\t\t<\/div>\n\t\t\t\t<\/div>\n\t\t\t\t\t<\/div>\n\t\t<\/div>\n\t\t\t\t\t<\/div>\n\t\t<\/section>\n\t\t\t\t<section class=\"elementor-section elementor-top-section elementor-element elementor-element-5dc9572 elementor-section-boxed elementor-section-height-default elementor-section-height-default\" data-id=\"5dc9572\" data-element_type=\"section\" data-e-type=\"section\">\n\t\t\t\t\t\t<div class=\"elementor-container elementor-column-gap-default\">\n\t\t\t\t\t<div class=\"elementor-column elementor-col-100 elementor-top-column elementor-element elementor-element-8776449\" data-id=\"8776449\" data-element_type=\"column\" data-e-type=\"column\">\n\t\t\t<div class=\"elementor-widget-wrap elementor-element-populated\">\n\t\t\t\t\t\t<div class=\"elementor-element elementor-element-cc99fd7 elementor-widget elementor-widget-text-editor\" data-id=\"cc99fd7\" data-element_type=\"widget\" data-e-type=\"widget\" data-widget_type=\"text-editor.default\">\n\t\t\t\t<div class=\"elementor-widget-container\">\n\t\t\t\t\t\t\t\t\t<p>L&#8217;accesso e l&#8217;utilizzo del sito www.veveglass.com (&#8220;Sito&#8221;) \u00e8 subordinato all&#8217;accettazione, da parte dell&#8217;utente, delle seguenti condizioni (&#8220;Condizioni&#8221;) e delle leggi applicabili. Accedendo e consultando il Sito, l&#8217;utente accetta, senza limitazioni o riserve, le Condizioni specificate di seguito. In caso di mancata accettazione delle Condizioni, l&#8217;utente non potr\u00e0 accedere al sito. Il sito \u00e8 di propriet\u00e0 di V\u00e9V\u00e9 Glass, un dipartimento di Cromia Glass s.n.c., societ\u00e0 con sede al seguente indirizzo: Via Venier 44, 30020 Venezia Marcon, Italia, Partita IVA IT03025190277, Codice Fiscale 03025190277, (&#8220;V\u00e9V\u00e9 Glass&#8221;).<\/p>\n<p><strong>Limitazioni all&#8217;uso dei contenuti e delle informazioni pubblicate sul Sito.<\/strong><\/p>\n<p>Tutte le informazioni e i contenuti pubblicati sul Sito (&#8220;Informazioni&#8221;) sono protetti dal diritto d&#8217;autore o da altri diritti di propriet\u00e0 intellettuale e, salvo dove indicato, non possono essere utilizzati, n\u00e9 in tutto n\u00e9 in parte, n\u00e9 copiati, riprodotti, trasferiti, pubblicati o distribuiti in alcun modo senza il previo consenso scritto di V\u00e9V\u00e9 Glass. L&#8217;utente pu\u00f2 scaricare e\/o stampare le informazioni esclusivamente per uso personale e non commerciale. In ogni caso, l&#8217;utente non pu\u00f2 distribuire, modificare, trasmettere, riutilizzare, inviare o utilizzare le informazioni, ivi compresi i testi, le immagini, i contenuti nonch\u00e9 i software eventualmente presenti sul Sito, a fini pubblicitari o commerciali senza la previa autorizzazione scritta di V\u00e9V\u00e9 Glass.<\/p>\n<p>I marchi, i loghi e ogni altro segno distintivo che appare sul Sito sono di propriet\u00e0 di V\u00e9V\u00e9 Glass o dei suoi partner commerciali e non possono essere utilizzati in alcun modo o forma o con alcun mezzo senza il previo consenso scritto di V\u00e9V\u00e9 Glass. In particolare, il nome registrato &#8220;V\u00e9V\u00e9 Glass&#8221;, cos\u00ec come qualsiasi altro segno distintivo che contenga il marchio &#8220;V\u00e9V\u00e9 Glass&#8221;, non pu\u00f2 essere in alcun modo utilizzato come nome di dominio o parte di esso, per siti di terzi, senza il preventivo consenso scritto di V\u00e9V\u00e9 Glass.<\/p>\n<p>In caso di violazione dei diritti di propriet\u00e0 intellettuale, \u00e8 possibile inviare una segnalazione a V\u00e9V\u00e9 Glass al seguente indirizzo e-mail: info@veveglass.it<\/p>\n<p><strong>Limitazioni di responsabilit\u00e0<\/strong><\/p>\n<p>V\u00e9V\u00e9 Glass si sforzer\u00e0 di pubblicare sul Sito informazioni precise e aggiornate. Tuttavia, non si garantisce che l&#8217;utilizzo delle informazioni non violi i diritti di terzi, n\u00e9 che le informazioni siano esenti da errori, siano esatte, complete o aggiornate. In nessun caso V\u00e9V\u00e9 Glass sar\u00e0 ritenuta responsabile in alcun modo di eventuali conseguenze negative, danni o perdite, derivanti o legate all&#8217;utilizzo del Sito e delle Informazioni.<\/p>\n<p><strong>Siti, link e contenuti di siti terzi<\/strong><\/p>\n<p>V\u00e9V\u00e9 Glass non pu\u00f2 controllare il contenuto di siti terzi o di pagine esterne a cui il Sito potrebbe essere in qualche modo collegato, e non si assume alcuna responsabilit\u00e0 per i materiali e le informazioni mostrate su tali siti rispetto a quelli di cui V\u00e9V\u00e9 Glass ha un link. Il collegamento a pagine esterne dal Sito \u00e8 sotto la responsabilit\u00e0 dell&#8217;utente. Il collegamento tramite link ad altri siti non implica in alcun modo che V\u00e9V\u00e9 Glass abbia una collaborazione o un&#8217;affiliazione con i terzi titolari di questi siti.<\/p>\n<p><strong>Informazioni inviate dagli utenti<\/strong><\/p>\n<p>Qualsiasi informazione, contenuto o materiale inviato al Sito (compresi file caricati, dati, domande, commenti, suggerimenti o altro) sar\u00e0 sempre mantenuto riservato. L&#8217;utente garantisce di tenere V\u00e9V\u00e9 Glass indenne da qualsiasi azione, richiesta o domanda avanzata da terzi in relazione all&#8217;utilizzo di tale materiale.<\/p>\n<p><strong>Registrazione dell&#8217;utente<\/strong><\/p>\n<p>Ogni utente pu\u00f2 registrarsi sul sito, inserendo i propri dati nell&#8217;apposito modulo di registrazione, qualora il cliente intenda procedere all&#8217;acquisto dei prodotti venduti attraverso il Sito. L&#8217;utente garantisce a V\u00e9V\u00e9 Glass che le informazioni fornite in fase di registrazione sono attuali, veritiere e corrette e si impegna a comunicare a V\u00e9V\u00e9 Glass qualsiasi variazione dei dati relativi alla registrazione. La notifica deve essere effettuata mediante modifica dell&#8217;account personale. Nel caso in cui V\u00e9V\u00e9 Glass dovesse ritenere che le informazioni non siano corrette, o per qualsiasi motivo ritenesse giustificato tale provvedimento, potr\u00e0 negare l&#8217;accesso al Sito o sospendere l&#8217;account dell&#8217;utente. V\u00e9V\u00e9 Glass proceder\u00e0 alla verifica della partita IVA solo per i professionisti\/imprenditori che hanno sede nell&#8217;Unione Europea.<\/p>\n<p><strong>Ulteriori restrizioni<\/strong><\/p>\n<p>A terzi \u00e8 consentito solo il collegamento alla home page del Sito. In nessun caso \u00e8 consentito il cosiddetto deep linking senza la previa autorizzazione scritta di V\u00e9V\u00e9 Glass.<\/p>\n<p>Non \u00e8 consentito il framing del Sito o di parti di esso da parte di terzi, n\u00e9 l&#8217;utilizzo di qualsiasi altro mezzo che possa indurre gli utenti a credere che i contenuti del Sito siano a disposizione di terzi. \u00c8 altres\u00ec vietata l&#8217;inclusione di parti del Sito su siti terzi sconosciuti a V\u00e9V\u00e9 Glass.<\/p>\n<p>Qualsiasi richiesta di collegamento alla home page del Sito o a qualsiasi altra sezione, pagina o contenuto pu\u00f2 essere inviata al seguente indirizzo info@veveglass.it. V\u00e9V\u00e9 Glass dar\u00e0 l&#8217;autorizzazione all&#8217;attivazione del collegamento al Sito a propria discrezione, gratuitamente e in modo non esclusivo.<\/p>\n<p>V\u00e9V\u00e9 Glass ha il diritto di modificare le presenti condizioni in qualsiasi momento. L&#8217;utente \u00e8 legato a tali modifiche e deve quindi consultare periodicamente questa pagina per verificare il contenuto delle Condizioni a cui \u00e8 legato.<\/p>\n\t\t\t\t\t\t\t\t<\/div>\n\t\t\t\t<\/div>\n\t\t\t\t\t<\/div>\n\t\t<\/div>\n\t\t\t\t\t<\/div>\n\t\t<\/section>\n\t\t\t\t<\/div>\n\t\t","protected":false},"excerpt":{"rendered":"<p>Condizioni d&#8217;uso L&#8217;accesso e l&#8217;utilizzo del sito www.veveglass.com (&#8220;Sito&#8221;) \u00e8 subordinato all&#8217;accettazione, da parte dell&#8217;utente, delle seguenti condizioni (&#8220;Condizioni&#8221;) e delle leggi applicabili. Accedendo e consultando il Sito, l&#8217;utente accetta, senza limitazioni o riserve, le Condizioni specificate di seguito. In caso di mancata accettazione delle Condizioni, l&#8217;utente non potr\u00e0 accedere al sito. Il sito \u00e8 [&hellip;]<\/p>\n","protected":false},"author":1,"featured_media":0,"parent":0,"menu_order":39,"comment_status":"closed","ping_status":"closed","template":"","meta":{"ocean_post_layout":"full-screen","ocean_both_sidebars_style":"","ocean_both_sidebars_content_width":0,"ocean_both_sidebars_sidebars_width":0,"ocean_sidebar":"0","ocean_second_sidebar":"0","ocean_disable_margins":"enable","ocean_add_body_class":"","ocean_shortcode_before_top_bar":"","ocean_shortcode_after_top_bar":"","ocean_shortcode_before_header":"","ocean_shortcode_after_header":"","ocean_has_shortcode":"","ocean_shortcode_after_title":"","ocean_shortcode_before_footer_widgets":"","ocean_shortcode_after_footer_widgets":"","ocean_shortcode_before_footer_bottom":"","ocean_shortcode_after_footer_bottom":"","ocean_display_top_bar":"default","ocean_display_header":"default","ocean_header_style":"","ocean_center_header_left_menu":"0","ocean_custom_header_template":"0","ocean_custom_logo":0,"ocean_custom_retina_logo":0,"ocean_custom_logo_max_width":0,"ocean_custom_logo_tablet_max_width":0,"ocean_custom_logo_mobile_max_width":0,"ocean_custom_logo_max_height":0,"ocean_custom_logo_tablet_max_height":0,"ocean_custom_logo_mobile_max_height":0,"ocean_header_custom_menu":"0","ocean_menu_typo_font_family":"0","ocean_menu_typo_font_subset":"","ocean_menu_typo_font_size":0,"ocean_menu_typo_font_size_tablet":0,"ocean_menu_typo_font_size_mobile":0,"ocean_menu_typo_font_size_unit":"px","ocean_menu_typo_font_weight":"","ocean_menu_typo_font_weight_tablet":"","ocean_menu_typo_font_weight_mobile":"","ocean_menu_typo_transform":"","ocean_menu_typo_transform_tablet":"","ocean_menu_typo_transform_mobile":"","ocean_menu_typo_line_height":0,"ocean_menu_typo_line_height_tablet":0,"ocean_menu_typo_line_height_mobile":0,"ocean_menu_typo_line_height_unit":"","ocean_menu_typo_spacing":0,"ocean_menu_typo_spacing_tablet":0,"ocean_menu_typo_spacing_mobile":0,"ocean_menu_typo_spacing_unit":"","ocean_menu_link_color":"","ocean_menu_link_color_hover":"","ocean_menu_link_color_active":"","ocean_menu_link_background":"","ocean_menu_link_hover_background":"","ocean_menu_link_active_background":"","ocean_menu_social_links_bg":"","ocean_menu_social_hover_links_bg":"","ocean_menu_social_links_color":"","ocean_menu_social_hover_links_color":"","ocean_disable_title":"on","ocean_disable_heading":"default","ocean_post_title":"","ocean_post_subheading":"","ocean_post_title_style":"","ocean_post_title_background_color":"","ocean_post_title_background":0,"ocean_post_title_bg_image_position":"","ocean_post_title_bg_image_attachment":"","ocean_post_title_bg_image_repeat":"","ocean_post_title_bg_image_size":"","ocean_post_title_height":0,"ocean_post_title_bg_overlay":0.5,"ocean_post_title_bg_overlay_color":"","ocean_disable_breadcrumbs":"default","ocean_breadcrumbs_color":"","ocean_breadcrumbs_separator_color":"","ocean_breadcrumbs_links_color":"","ocean_breadcrumbs_links_hover_color":"","ocean_display_footer_widgets":"default","ocean_display_footer_bottom":"default","ocean_custom_footer_template":"0","footnotes":""},"class_list":["post-12424","page","type-page","status-publish","hentry","entry"],"_links":{"self":[{"href":"https:\/\/www.veveglass.com\/it\/wp-json\/wp\/v2\/pages\/12424","targetHints":{"allow":["GET"]}}],"collection":[{"href":"https:\/\/www.veveglass.com\/it\/wp-json\/wp\/v2\/pages"}],"about":[{"href":"https:\/\/www.veveglass.com\/it\/wp-json\/wp\/v2\/types\/page"}],"author":[{"embeddable":true,"href":"https:\/\/www.veveglass.com\/it\/wp-json\/wp\/v2\/users\/1"}],"replies":[{"embeddable":true,"href":"https:\/\/www.veveglass.com\/it\/wp-json\/wp\/v2\/comments?post=12424"}],"version-history":[{"count":2,"href":"https:\/\/www.veveglass.com\/it\/wp-json\/wp\/v2\/pages\/12424\/revisions"}],"predecessor-version":[{"id":16169,"href":"https:\/\/www.veveglass.com\/it\/wp-json\/wp\/v2\/pages\/12424\/revisions\/16169"}],"wp:attachment":[{"href":"https:\/\/www.veveglass.com\/it\/wp-json\/wp\/v2\/media?parent=12424"}],"curies":[{"name":"wp","href":"https:\/\/api.w.org\/{rel}","templated":true}]}}