{"id":19744,"date":"2025-03-11T14:28:42","date_gmt":"2025-03-11T13:28:42","guid":{"rendered":"https:\/\/www.veveglass.com\/prodotti\/bamboo-2\/"},"modified":"2025-03-11T14:28:43","modified_gmt":"2025-03-11T13:28:43","slug":"bamboo-2","status":"publish","type":"page","link":"https:\/\/www.veveglass.com\/it\/prodotti\/bamboo-2\/","title":{"rendered":"Bamboo"},"content":{"rendered":"\t\t<div data-elementor-type=\"wp-page\" data-elementor-id=\"19744\" class=\"elementor elementor-19744 elementor-19277\" data-elementor-post-type=\"page\">\n\t\t\t\t\t\t<section class=\"elementor-section elementor-top-section elementor-element elementor-element-e7abe6e elementor-section-full_width elementor-section-height-default elementor-section-height-default\" data-id=\"e7abe6e\" data-element_type=\"section\" data-e-type=\"section\" data-settings=\"{&quot;background_background&quot;:&quot;classic&quot;}\">\n\t\t\t\t\t\t<div class=\"elementor-container elementor-column-gap-no\">\n\t\t\t\t\t<div class=\"elementor-column elementor-col-100 elementor-top-column elementor-element elementor-element-e55eb13\" data-id=\"e55eb13\" data-element_type=\"column\" data-e-type=\"column\">\n\t\t\t<div class=\"elementor-widget-wrap elementor-element-populated\">\n\t\t\t\t\t\t<div class=\"elementor-element elementor-element-30d6a269 elementor--h-position-center elementor--v-position-middle elementor-arrows-position-inside elementor-pagination-position-inside elementor-widget elementor-widget-slides\" data-id=\"30d6a269\" data-element_type=\"widget\" data-e-type=\"widget\" data-settings=\"{&quot;navigation&quot;:&quot;both&quot;,&quot;autoplay&quot;:&quot;yes&quot;,&quot;pause_on_hover&quot;:&quot;yes&quot;,&quot;pause_on_interaction&quot;:&quot;yes&quot;,&quot;autoplay_speed&quot;:5000,&quot;infinite&quot;:&quot;yes&quot;,&quot;transition&quot;:&quot;slide&quot;,&quot;transition_speed&quot;:500}\" data-widget_type=\"slides.default\">\n\t\t\t\t<div class=\"elementor-widget-container\">\n\t\t\t\t\t\t\t\t\t<div class=\"elementor-swiper\">\n\t\t\t\t\t<div class=\"elementor-slides-wrapper elementor-main-swiper swiper\" role=\"region\" aria-roledescription=\"carousel\" aria-label=\"Slides\" dir=\"ltr\" data-animation=\"fadeInUp\">\n\t\t\t\t<div class=\"swiper-wrapper elementor-slides\">\n\t\t\t\t\t\t\t\t\t\t<div class=\"elementor-repeater-item-e1856a7 swiper-slide\" role=\"group\" aria-roledescription=\"slide\"><div class=\"swiper-slide-bg\" role=\"img\" aria-label=\"bamboo marina Q28 ambiente v3\"><\/div><div class=\"elementor-background-overlay\"><\/div><div class=\"swiper-slide-inner\" ><div class=\"swiper-slide-contents\"><div class=\"elementor-slide-heading\">Bamboo<\/div><div class=\"elementor-slide-description\"><p>Formelle in vetro di Murano<\/p>\n<\/div><\/div><\/div><\/div>\t\t\t\t<\/div>\n\t\t\t\t\t\t\t<\/div>\n\t\t\t\t<\/div>\n\t\t\t\t\t\t\t\t<\/div>\n\t\t\t\t<\/div>\n\t\t\t\t<section class=\"elementor-section elementor-inner-section elementor-element elementor-element-4b4437e8 elementor-section-boxed elementor-section-height-default elementor-section-height-default\" data-id=\"4b4437e8\" data-element_type=\"section\" data-e-type=\"section\">\n\t\t\t\t\t\t<div class=\"elementor-container elementor-column-gap-default\">\n\t\t\t\t\t<div class=\"elementor-column elementor-col-50 elementor-inner-column elementor-element elementor-element-4cbc8fc7\" data-id=\"4cbc8fc7\" data-element_type=\"column\" data-e-type=\"column\" data-settings=\"{&quot;background_background&quot;:&quot;classic&quot;}\">\n\t\t\t<div class=\"elementor-widget-wrap elementor-element-populated\">\n\t\t\t\t\t\t<div class=\"elementor-element elementor-element-49422bf elementor-widget elementor-widget-text-editor\" data-id=\"49422bf\" data-element_type=\"widget\" data-e-type=\"widget\" data-widget_type=\"text-editor.default\">\n\t\t\t\t<div class=\"elementor-widget-container\">\n\t\t\t\t\t\t\t\t\t<h2>BAMBOO<\/h2>\n<h3>formelle in vetro di Murano<\/h3>\n\t\t\t\t\t\t\t\t<\/div>\n\t\t\t\t<\/div>\n\t\t\t\t<div class=\"elementor-element elementor-element-7bb83d0b elementor-widget elementor-widget-text-editor\" data-id=\"7bb83d0b\" data-element_type=\"widget\" data-e-type=\"widget\" data-widget_type=\"text-editor.default\">\n\t\t\t\t<div class=\"elementor-widget-container\">\n\t\t\t\t\t\t\t\t\t<p>La caratteristica distintiva della piastrella quadrata della collezione &#8220;Bamboo&#8221; di V\u00e9V\u00e9 Glass risiede nella sua intricata composizione strutturata, realizzata con strisce sovrapposte di vetro di Murano trasparente. Le delicate sfumature e la raffinata tavolozza di verdi, azzurri e toni cristallini di questa piastrella creano un effetto sofisticato e multidimensionale che trasuda eleganza. Perfetta per pareti decorative o installazioni decorative, conferisce un tocco lussuoso a qualsiasi interno, trasformando gli spazi con la bellezza luminosa unica del vetro di Murano. Risplende anche come pezzo d&#8217;accento, aggiungendo dettagli squisiti a mobili e arredi.<\/p>\n<p>Ogni prodotto \u00e8 fatto a mano, unico ed esclusivo! \u00c8 creato e firmato dal nostro maestro vetraio ed \u00e8 accompagnato da un certificato di garanzia per la qualit\u00e0 e l&#8217;autenticit\u00e0 del prodotto. Nella produzione artigianale, ogni oggetto in vetro pu\u00f2 essere leggermente diverso per forma, colore e dimensioni dall&#8217;immagine sottostante. Eventuali piccole differenze e irregolarit\u00e0 nel design, nella forma e nel colore, nonch\u00e9 piccole bolle d&#8217;aria, non sono difetti, ma un segno della qualit\u00e0 dei nostri prodotti.<\/p>\n\t\t\t\t\t\t\t\t<\/div>\n\t\t\t\t<\/div>\n\t\t\t\t\t<\/div>\n\t\t<\/div>\n\t\t\t\t<div class=\"elementor-column elementor-col-50 elementor-inner-column elementor-element elementor-element-51c4c758\" data-id=\"51c4c758\" data-element_type=\"column\" data-e-type=\"column\">\n\t\t\t<div class=\"elementor-widget-wrap elementor-element-populated\">\n\t\t\t\t\t\t<div class=\"elementor-element elementor-element-7bf1c773 elementor-widget-divider--view-line_text elementor-widget-divider--element-align-center elementor-widget elementor-widget-divider\" data-id=\"7bf1c773\" data-element_type=\"widget\" data-e-type=\"widget\" data-widget_type=\"divider.default\">\n\t\t\t\t<div class=\"elementor-widget-container\">\n\t\t\t\t\t\t\t<div class=\"elementor-divider\">\n\t\t\t<span class=\"elementor-divider-separator\">\n\t\t\t\t\t\t\t<span class=\"elementor-divider__text elementor-divider__element\">\n\t\t\t\tCaratteristiche\t\t\t\t<\/span>\n\t\t\t\t\t\t<\/span>\n\t\t<\/div>\n\t\t\t\t\t\t<\/div>\n\t\t\t\t<\/div>\n\t\t\t\t<div class=\"elementor-element elementor-element-7d434752 elementor-widget elementor-widget-text-editor\" data-id=\"7d434752\" data-element_type=\"widget\" data-e-type=\"widget\" data-widget_type=\"text-editor.default\">\n\t\t\t\t<div class=\"elementor-widget-container\">\n\t\t\t\t\t\t\t\t\t<h3><strong><span style=\"text-decoration: underline;\">DIMENSIONI<\/span><\/strong><\/h3>\n<p><strong>Versione STANDARD<\/strong><br \/>28 x 28 cm | 11&#8243; x 11&#8243;<br \/>20 x 20 cm | 7\u00be&#8221; x 7\u00be&#8221;<br \/>30 x 13 cm | 11\u00be&#8221; x 5\u00bc&#8221;<br \/>spessore 9 mm | \u215c in<\/p>\n<p><strong>COLORI disponibili<\/strong><br \/>acquamarina<br \/>cristallo<br \/>verde<br \/>blu marino<br \/>\u00a0<\/p>\n\t\t\t\t\t\t\t\t<\/div>\n\t\t\t\t<\/div>\n\t\t\t\t<div class=\"elementor-element elementor-element-261c708f elementor-widget elementor-widget-spacer\" data-id=\"261c708f\" data-element_type=\"widget\" data-e-type=\"widget\" data-widget_type=\"spacer.default\">\n\t\t\t\t<div class=\"elementor-widget-container\">\n\t\t\t\t\t\t\t<div class=\"elementor-spacer\">\n\t\t\t<div class=\"elementor-spacer-inner\"><\/div>\n\t\t<\/div>\n\t\t\t\t\t\t<\/div>\n\t\t\t\t<\/div>\n\t\t\t\t<div class=\"elementor-element elementor-element-448784bb elementor-align-center elementor-widget elementor-widget-button\" data-id=\"448784bb\" data-element_type=\"widget\" data-e-type=\"widget\" data-widget_type=\"button.default\">\n\t\t\t\t<div class=\"elementor-widget-container\">\n\t\t\t\t\t\t\t\t\t<div class=\"elementor-button-wrapper\">\n\t\t\t\t\t<a class=\"elementor-button elementor-button-link elementor-size-sm\" href=\"mailto:info@veveglass.com\" target=\"_blank\">\n\t\t\t\t\t\t<span class=\"elementor-button-content-wrapper\">\n\t\t\t\t\t\t\t\t\t<span class=\"elementor-button-text\">Scopri di pi\u00f9 e contattaci!<\/span>\n\t\t\t\t\t<\/span>\n\t\t\t\t\t<\/a>\n\t\t\t\t<\/div>\n\t\t\t\t\t\t\t\t<\/div>\n\t\t\t\t<\/div>\n\t\t\t\t<div class=\"elementor-element elementor-element-54e60ba8 elementor-widget elementor-widget-spacer\" data-id=\"54e60ba8\" data-element_type=\"widget\" data-e-type=\"widget\" data-widget_type=\"spacer.default\">\n\t\t\t\t<div class=\"elementor-widget-container\">\n\t\t\t\t\t\t\t<div class=\"elementor-spacer\">\n\t\t\t<div class=\"elementor-spacer-inner\"><\/div>\n\t\t<\/div>\n\t\t\t\t\t\t<\/div>\n\t\t\t\t<\/div>\n\t\t\t\t\t<\/div>\n\t\t<\/div>\n\t\t\t\t\t<\/div>\n\t\t<\/section>\n\t\t\t\t\t<\/div>\n\t\t<\/div>\n\t\t\t\t\t<\/div>\n\t\t<\/section>\n\t\t\t\t<section class=\"elementor-section elementor-top-section elementor-element elementor-element-724f639a elementor-section-full_width elementor-section-height-default elementor-section-height-default\" data-id=\"724f639a\" data-element_type=\"section\" data-e-type=\"section\" data-settings=\"{&quot;background_background&quot;:&quot;classic&quot;}\">\n\t\t\t\t\t\t<div class=\"elementor-container elementor-column-gap-default\">\n\t\t\t\t\t<div class=\"elementor-column elementor-col-25 elementor-top-column elementor-element elementor-element-2a56c6f2\" data-id=\"2a56c6f2\" data-element_type=\"column\" data-e-type=\"column\">\n\t\t\t<div class=\"elementor-widget-wrap elementor-element-populated\">\n\t\t\t\t\t\t<div class=\"elementor-element elementor-element-228b3968 elementor-position-top elementor-widget elementor-widget-image-box\" data-id=\"228b3968\" data-element_type=\"widget\" data-e-type=\"widget\" data-widget_type=\"image-box.default\">\n\t\t\t\t<div class=\"elementor-widget-container\">\n\t\t\t\t\t<div class=\"elementor-image-box-wrapper\"><figure class=\"elementor-image-box-img\"><img fetchpriority=\"high\" decoding=\"async\" width=\"1024\" height=\"1024\" src=\"https:\/\/www.veveglass.com\/wp-content\/uploads\/2025\/03\/bamboo-acquamare-detail-v2.jpg\" class=\"elementor-animation-shrink attachment-full size-full wp-image-19283\" alt=\"\" srcset=\"https:\/\/www.veveglass.com\/wp-content\/uploads\/2025\/03\/bamboo-acquamare-detail-v2.jpg 1024w, https:\/\/www.veveglass.com\/wp-content\/uploads\/2025\/03\/bamboo-acquamare-detail-v2-300x300.jpg 300w, https:\/\/www.veveglass.com\/wp-content\/uploads\/2025\/03\/bamboo-acquamare-detail-v2-150x150.jpg 150w, https:\/\/www.veveglass.com\/wp-content\/uploads\/2025\/03\/bamboo-acquamare-detail-v2-768x768.jpg 768w, https:\/\/www.veveglass.com\/wp-content\/uploads\/2025\/03\/bamboo-acquamare-detail-v2-600x600.jpg 600w\" sizes=\"(max-width: 1024px) 100vw, 1024px\" \/><\/figure><div class=\"elementor-image-box-content\"><h3 class=\"elementor-image-box-title\">Bamboo acquamarina<\/h3><\/div><\/div>\t\t\t\t<\/div>\n\t\t\t\t<\/div>\n\t\t\t\t\t<\/div>\n\t\t<\/div>\n\t\t\t\t<div class=\"elementor-column elementor-col-25 elementor-top-column elementor-element elementor-element-2f0023c6\" data-id=\"2f0023c6\" data-element_type=\"column\" data-e-type=\"column\">\n\t\t\t<div class=\"elementor-widget-wrap elementor-element-populated\">\n\t\t\t\t\t\t<div class=\"elementor-element elementor-element-36027a4f elementor-position-top elementor-widget elementor-widget-image-box\" data-id=\"36027a4f\" data-element_type=\"widget\" data-e-type=\"widget\" data-widget_type=\"image-box.default\">\n\t\t\t\t<div class=\"elementor-widget-container\">\n\t\t\t\t\t<div class=\"elementor-image-box-wrapper\"><figure class=\"elementor-image-box-img\"><img decoding=\"async\" width=\"1024\" height=\"1024\" src=\"https:\/\/www.veveglass.com\/wp-content\/uploads\/2025\/03\/bamboo-cristallo-detail-v2.jpg\" class=\"elementor-animation-shrink attachment-full size-full wp-image-19285\" alt=\"\" srcset=\"https:\/\/www.veveglass.com\/wp-content\/uploads\/2025\/03\/bamboo-cristallo-detail-v2.jpg 1024w, https:\/\/www.veveglass.com\/wp-content\/uploads\/2025\/03\/bamboo-cristallo-detail-v2-300x300.jpg 300w, https:\/\/www.veveglass.com\/wp-content\/uploads\/2025\/03\/bamboo-cristallo-detail-v2-150x150.jpg 150w, https:\/\/www.veveglass.com\/wp-content\/uploads\/2025\/03\/bamboo-cristallo-detail-v2-768x768.jpg 768w, https:\/\/www.veveglass.com\/wp-content\/uploads\/2025\/03\/bamboo-cristallo-detail-v2-600x600.jpg 600w\" sizes=\"(max-width: 1024px) 100vw, 1024px\" \/><\/figure><div class=\"elementor-image-box-content\"><h3 class=\"elementor-image-box-title\">Bamboo cristallo<\/h3><\/div><\/div>\t\t\t\t<\/div>\n\t\t\t\t<\/div>\n\t\t\t\t\t<\/div>\n\t\t<\/div>\n\t\t\t\t<div class=\"elementor-column elementor-col-25 elementor-top-column elementor-element elementor-element-2ce995a\" data-id=\"2ce995a\" data-element_type=\"column\" data-e-type=\"column\">\n\t\t\t<div class=\"elementor-widget-wrap elementor-element-populated\">\n\t\t\t\t\t\t<div class=\"elementor-element elementor-element-1d951035 elementor-position-top elementor-widget elementor-widget-image-box\" data-id=\"1d951035\" data-element_type=\"widget\" data-e-type=\"widget\" data-widget_type=\"image-box.default\">\n\t\t\t\t<div class=\"elementor-widget-container\">\n\t\t\t\t\t<div class=\"elementor-image-box-wrapper\"><figure class=\"elementor-image-box-img\"><img decoding=\"async\" width=\"1024\" height=\"1024\" src=\"https:\/\/www.veveglass.com\/wp-content\/uploads\/2025\/03\/bamboo-verde-detail-v2.jpg\" class=\"elementor-animation-shrink attachment-full size-full wp-image-19287\" alt=\"\" srcset=\"https:\/\/www.veveglass.com\/wp-content\/uploads\/2025\/03\/bamboo-verde-detail-v2.jpg 1024w, https:\/\/www.veveglass.com\/wp-content\/uploads\/2025\/03\/bamboo-verde-detail-v2-300x300.jpg 300w, https:\/\/www.veveglass.com\/wp-content\/uploads\/2025\/03\/bamboo-verde-detail-v2-150x150.jpg 150w, https:\/\/www.veveglass.com\/wp-content\/uploads\/2025\/03\/bamboo-verde-detail-v2-768x768.jpg 768w, https:\/\/www.veveglass.com\/wp-content\/uploads\/2025\/03\/bamboo-verde-detail-v2-600x600.jpg 600w\" sizes=\"(max-width: 1024px) 100vw, 1024px\" \/><\/figure><div class=\"elementor-image-box-content\"><h3 class=\"elementor-image-box-title\">Bamboo verde<\/h3><\/div><\/div>\t\t\t\t<\/div>\n\t\t\t\t<\/div>\n\t\t\t\t\t<\/div>\n\t\t<\/div>\n\t\t\t\t<div class=\"elementor-column elementor-col-25 elementor-top-column elementor-element elementor-element-775847c6\" data-id=\"775847c6\" data-element_type=\"column\" data-e-type=\"column\">\n\t\t\t<div class=\"elementor-widget-wrap elementor-element-populated\">\n\t\t\t\t\t\t<div class=\"elementor-element elementor-element-ecb56d4 elementor-position-top elementor-widget elementor-widget-image-box\" data-id=\"ecb56d4\" data-element_type=\"widget\" data-e-type=\"widget\" data-widget_type=\"image-box.default\">\n\t\t\t\t<div class=\"elementor-widget-container\">\n\t\t\t\t\t<div class=\"elementor-image-box-wrapper\"><figure class=\"elementor-image-box-img\"><img loading=\"lazy\" decoding=\"async\" width=\"1024\" height=\"1024\" src=\"https:\/\/www.veveglass.com\/wp-content\/uploads\/2025\/03\/bamboo-marina-detail-v2.jpg\" class=\"elementor-animation-shrink attachment-full size-full wp-image-19289\" alt=\"\" srcset=\"https:\/\/www.veveglass.com\/wp-content\/uploads\/2025\/03\/bamboo-marina-detail-v2.jpg 1024w, https:\/\/www.veveglass.com\/wp-content\/uploads\/2025\/03\/bamboo-marina-detail-v2-300x300.jpg 300w, https:\/\/www.veveglass.com\/wp-content\/uploads\/2025\/03\/bamboo-marina-detail-v2-150x150.jpg 150w, https:\/\/www.veveglass.com\/wp-content\/uploads\/2025\/03\/bamboo-marina-detail-v2-768x768.jpg 768w, https:\/\/www.veveglass.com\/wp-content\/uploads\/2025\/03\/bamboo-marina-detail-v2-600x600.jpg 600w\" sizes=\"(max-width: 1024px) 100vw, 1024px\" \/><\/figure><div class=\"elementor-image-box-content\"><h3 class=\"elementor-image-box-title\">Bamboo marina<\/h3><\/div><\/div>\t\t\t\t<\/div>\n\t\t\t\t<\/div>\n\t\t\t\t\t<\/div>\n\t\t<\/div>\n\t\t\t\t\t<\/div>\n\t\t<\/section>\n\t\t\t\t<section class=\"elementor-section elementor-top-section elementor-element elementor-element-34663146 elementor-section-full_width elementor-section-height-default elementor-section-height-default\" data-id=\"34663146\" data-element_type=\"section\" data-e-type=\"section\" data-settings=\"{&quot;background_background&quot;:&quot;classic&quot;}\">\n\t\t\t\t\t\t<div class=\"elementor-container elementor-column-gap-default\">\n\t\t\t\t\t<div class=\"elementor-column elementor-col-100 elementor-top-column elementor-element elementor-element-19b7de6d\" data-id=\"19b7de6d\" data-element_type=\"column\" data-e-type=\"column\">\n\t\t\t<div class=\"elementor-widget-wrap elementor-element-populated\">\n\t\t\t\t\t\t<div class=\"elementor-element elementor-element-770a299f elementor-widget elementor-widget-spacer\" data-id=\"770a299f\" data-element_type=\"widget\" data-e-type=\"widget\" data-widget_type=\"spacer.default\">\n\t\t\t\t<div class=\"elementor-widget-container\">\n\t\t\t\t\t\t\t<div class=\"elementor-spacer\">\n\t\t\t<div class=\"elementor-spacer-inner\"><\/div>\n\t\t<\/div>\n\t\t\t\t\t\t<\/div>\n\t\t\t\t<\/div>\n\t\t\t\t<div class=\"elementor-element elementor-element-2f97d43c elementor-widget elementor-widget-text-editor\" data-id=\"2f97d43c\" data-element_type=\"widget\" data-e-type=\"widget\" data-widget_type=\"text-editor.default\">\n\t\t\t\t<div class=\"elementor-widget-container\">\n\t\t\t\t\t\t\t\t\t<p>Hai bisogno di grandi quantit\u00e0? Lo vuoi in colori o dimensioni diverse? Vuoi un ordine personalizzato? <br \/>Come produttori, <a href=\"https:\/\/www.cromiaglass.com\" target=\"_blank\" rel=\"noopener\">creiamo<\/a> oggetti personalizzati con decorazioni, colori o forme diverse in base alle vostre esigenze.<\/p>\n\t\t\t\t\t\t\t\t<\/div>\n\t\t\t\t<\/div>\n\t\t\t\t<div class=\"elementor-element elementor-element-5ee602b1 elementor-align-center elementor-widget elementor-widget-button\" data-id=\"5ee602b1\" data-element_type=\"widget\" data-e-type=\"widget\" data-widget_type=\"button.default\">\n\t\t\t\t<div class=\"elementor-widget-container\">\n\t\t\t\t\t\t\t\t\t<div class=\"elementor-button-wrapper\">\n\t\t\t\t\t<a class=\"elementor-button elementor-button-link elementor-size-xl\" href=\"mailto:info@veveglass.com\" target=\"_blank\">\n\t\t\t\t\t\t<span class=\"elementor-button-content-wrapper\">\n\t\t\t\t\t\t<span class=\"elementor-button-icon\">\n\t\t\t\t<i aria-hidden=\"true\" class=\"fas fa-arrow-circle-right\"><\/i>\t\t\t<\/span>\n\t\t\t\t\t\t\t\t\t<span class=\"elementor-button-text\">Contattaci ora!<\/span>\n\t\t\t\t\t<\/span>\n\t\t\t\t\t<\/a>\n\t\t\t\t<\/div>\n\t\t\t\t\t\t\t\t<\/div>\n\t\t\t\t<\/div>\n\t\t\t\t<div class=\"elementor-element elementor-element-64845a2a elementor-widget elementor-widget-spacer\" data-id=\"64845a2a\" data-element_type=\"widget\" data-e-type=\"widget\" data-widget_type=\"spacer.default\">\n\t\t\t\t<div class=\"elementor-widget-container\">\n\t\t\t\t\t\t\t<div class=\"elementor-spacer\">\n\t\t\t<div class=\"elementor-spacer-inner\"><\/div>\n\t\t<\/div>\n\t\t\t\t\t\t<\/div>\n\t\t\t\t<\/div>\n\t\t\t\t\t<\/div>\n\t\t<\/div>\n\t\t\t\t\t<\/div>\n\t\t<\/section>\n\t\t\t\t<\/div>\n\t\t","protected":false},"excerpt":{"rendered":"<p>Bamboo Formelle in vetro di Murano BAMBOO formelle in vetro di Murano La caratteristica distintiva della piastrella quadrata della collezione &#8220;Bamboo&#8221; di V\u00e9V\u00e9 Glass risiede nella sua intricata composizione strutturata, realizzata con strisce sovrapposte di vetro di Murano trasparente. Le delicate sfumature e la raffinata tavolozza di verdi, azzurri e toni cristallini di questa piastrella [&hellip;]<\/p>\n","protected":false},"author":1,"featured_media":0,"parent":10001,"menu_order":0,"comment_status":"closed","ping_status":"closed","template":"","meta":{"ocean_post_layout":"full-screen","ocean_both_sidebars_style":"","ocean_both_sidebars_content_width":0,"ocean_both_sidebars_sidebars_width":0,"ocean_sidebar":"","ocean_second_sidebar":"","ocean_disable_margins":"enable","ocean_add_body_class":"","ocean_shortcode_before_top_bar":"","ocean_shortcode_after_top_bar":"","ocean_shortcode_before_header":"","ocean_shortcode_after_header":"","ocean_has_shortcode":"","ocean_shortcode_after_title":"","ocean_shortcode_before_footer_widgets":"","ocean_shortcode_after_footer_widgets":"","ocean_shortcode_before_footer_bottom":"","ocean_shortcode_after_footer_bottom":"","ocean_display_top_bar":"default","ocean_display_header":"default","ocean_header_style":"","ocean_center_header_left_menu":"","ocean_custom_header_template":"","ocean_custom_logo":0,"ocean_custom_retina_logo":0,"ocean_custom_logo_max_width":0,"ocean_custom_logo_tablet_max_width":0,"ocean_custom_logo_mobile_max_width":0,"ocean_custom_logo_max_height":0,"ocean_custom_logo_tablet_max_height":0,"ocean_custom_logo_mobile_max_height":0,"ocean_header_custom_menu":"","ocean_menu_typo_font_family":"","ocean_menu_typo_font_subset":"","ocean_menu_typo_font_size":0,"ocean_menu_typo_font_size_tablet":0,"ocean_menu_typo_font_size_mobile":0,"ocean_menu_typo_font_size_unit":"px","ocean_menu_typo_font_weight":"","ocean_menu_typo_font_weight_tablet":"","ocean_menu_typo_font_weight_mobile":"","ocean_menu_typo_transform":"","ocean_menu_typo_transform_tablet":"","ocean_menu_typo_transform_mobile":"","ocean_menu_typo_line_height":0,"ocean_menu_typo_line_height_tablet":0,"ocean_menu_typo_line_height_mobile":0,"ocean_menu_typo_line_height_unit":"","ocean_menu_typo_spacing":0,"ocean_menu_typo_spacing_tablet":0,"ocean_menu_typo_spacing_mobile":0,"ocean_menu_typo_spacing_unit":"","ocean_menu_link_color":"","ocean_menu_link_color_hover":"","ocean_menu_link_color_active":"","ocean_menu_link_background":"","ocean_menu_link_hover_background":"","ocean_menu_link_active_background":"","ocean_menu_social_links_bg":"","ocean_menu_social_hover_links_bg":"","ocean_menu_social_links_color":"","ocean_menu_social_hover_links_color":"","ocean_disable_title":"on","ocean_disable_heading":"default","ocean_post_title":"","ocean_post_subheading":"","ocean_post_title_style":"","ocean_post_title_background_color":"","ocean_post_title_background":0,"ocean_post_title_bg_image_position":"","ocean_post_title_bg_image_attachment":"","ocean_post_title_bg_image_repeat":"","ocean_post_title_bg_image_size":"","ocean_post_title_height":0,"ocean_post_title_bg_overlay":0.5,"ocean_post_title_bg_overlay_color":"","ocean_disable_breadcrumbs":"default","ocean_breadcrumbs_color":"","ocean_breadcrumbs_separator_color":"","ocean_breadcrumbs_links_color":"","ocean_breadcrumbs_links_hover_color":"","ocean_display_footer_widgets":"default","ocean_display_footer_bottom":"default","ocean_custom_footer_template":"","footnotes":""},"class_list":["post-19744","page","type-page","status-publish","hentry","entry"],"_links":{"self":[{"href":"https:\/\/www.veveglass.com\/it\/wp-json\/wp\/v2\/pages\/19744","targetHints":{"allow":["GET"]}}],"collection":[{"href":"https:\/\/www.veveglass.com\/it\/wp-json\/wp\/v2\/pages"}],"about":[{"href":"https:\/\/www.veveglass.com\/it\/wp-json\/wp\/v2\/types\/page"}],"author":[{"embeddable":true,"href":"https:\/\/www.veveglass.com\/it\/wp-json\/wp\/v2\/users\/1"}],"replies":[{"embeddable":true,"href":"https:\/\/www.veveglass.com\/it\/wp-json\/wp\/v2\/comments?post=19744"}],"version-history":[{"count":1,"href":"https:\/\/www.veveglass.com\/it\/wp-json\/wp\/v2\/pages\/19744\/revisions"}],"predecessor-version":[{"id":19745,"href":"https:\/\/www.veveglass.com\/it\/wp-json\/wp\/v2\/pages\/19744\/revisions\/19745"}],"up":[{"embeddable":true,"href":"https:\/\/www.veveglass.com\/it\/wp-json\/wp\/v2\/pages\/10001"}],"wp:attachment":[{"href":"https:\/\/www.veveglass.com\/it\/wp-json\/wp\/v2\/media?parent=19744"}],"curies":[{"name":"wp","href":"https:\/\/api.w.org\/{rel}","templated":true}]}}