{"id":19748,"date":"2025-03-11T14:35:52","date_gmt":"2025-03-11T13:35:52","guid":{"rendered":"https:\/\/www.veveglass.com\/prodotti\/magma\/"},"modified":"2025-03-11T14:35:53","modified_gmt":"2025-03-11T13:35:53","slug":"magma","status":"publish","type":"page","link":"https:\/\/www.veveglass.com\/it\/prodotti\/magma\/","title":{"rendered":"Magma"},"content":{"rendered":"\t\t<div data-elementor-type=\"wp-page\" data-elementor-id=\"19748\" class=\"elementor elementor-19748 elementor-19198\" data-elementor-post-type=\"page\">\n\t\t\t\t\t\t<section class=\"elementor-section elementor-top-section elementor-element elementor-element-6c587486 elementor-section-full_width elementor-section-height-default elementor-section-height-default\" data-id=\"6c587486\" data-element_type=\"section\" data-e-type=\"section\" data-settings=\"{&quot;background_background&quot;:&quot;classic&quot;}\">\n\t\t\t\t\t\t<div class=\"elementor-container elementor-column-gap-no\">\n\t\t\t\t\t<div class=\"elementor-column elementor-col-100 elementor-top-column elementor-element elementor-element-7072622f\" data-id=\"7072622f\" data-element_type=\"column\" data-e-type=\"column\">\n\t\t\t<div class=\"elementor-widget-wrap elementor-element-populated\">\n\t\t\t\t\t\t<div class=\"elementor-element elementor-element-4e69f70d elementor--h-position-center elementor--v-position-middle elementor-arrows-position-inside elementor-pagination-position-inside elementor-widget elementor-widget-slides\" data-id=\"4e69f70d\" data-element_type=\"widget\" data-e-type=\"widget\" data-settings=\"{&quot;navigation&quot;:&quot;both&quot;,&quot;autoplay&quot;:&quot;yes&quot;,&quot;pause_on_hover&quot;:&quot;yes&quot;,&quot;pause_on_interaction&quot;:&quot;yes&quot;,&quot;autoplay_speed&quot;:5000,&quot;infinite&quot;:&quot;yes&quot;,&quot;transition&quot;:&quot;slide&quot;,&quot;transition_speed&quot;:500}\" data-widget_type=\"slides.default\">\n\t\t\t\t<div class=\"elementor-widget-container\">\n\t\t\t\t\t\t\t\t\t<div class=\"elementor-swiper\">\n\t\t\t\t\t<div class=\"elementor-slides-wrapper elementor-main-swiper swiper\" role=\"region\" aria-roledescription=\"carousel\" aria-label=\"Slides\" dir=\"ltr\" data-animation=\"fadeInUp\">\n\t\t\t\t<div class=\"swiper-wrapper elementor-slides\">\n\t\t\t\t\t\t\t\t\t\t<div class=\"elementor-repeater-item-e1856a7 swiper-slide\" role=\"group\" aria-roledescription=\"slide\"><div class=\"swiper-slide-bg\" role=\"img\" aria-label=\"magma blu\"><\/div><div class=\"elementor-background-overlay\"><\/div><div class=\"swiper-slide-inner\" ><div class=\"swiper-slide-contents\"><div class=\"elementor-slide-heading\">Magma<\/div><div class=\"elementor-slide-description\"><p>Formelle in vetro di Murano<\/p>\n<\/div><\/div><\/div><\/div><div class=\"elementor-repeater-item-b48b4a3 swiper-slide\" role=\"group\" aria-roledescription=\"slide\"><div class=\"swiper-slide-bg\" role=\"img\" aria-label=\"magma blu ambiente v6\"><\/div><div class=\"elementor-background-overlay\"><\/div><div class=\"swiper-slide-inner\" ><div class=\"swiper-slide-contents\"><div class=\"elementor-slide-heading\">Magma<\/div><div class=\"elementor-slide-description\"><p>Formelle in vetro di Murano<\/p>\n<\/div><\/div><\/div><\/div>\t\t\t\t<\/div>\n\t\t\t\t\t\t\t\t\t\t\t\t\t\t\t<div class=\"elementor-swiper-button elementor-swiper-button-prev\" role=\"button\" tabindex=\"0\" aria-label=\"Diapositiva precedente\">\n\t\t\t\t\t\t\t<i aria-hidden=\"true\" class=\"eicon-chevron-left\"><\/i>\t\t\t\t\t\t<\/div>\n\t\t\t\t\t\t<div class=\"elementor-swiper-button elementor-swiper-button-next\" role=\"button\" tabindex=\"0\" aria-label=\"Prossima diapositiva\">\n\t\t\t\t\t\t\t<i aria-hidden=\"true\" class=\"eicon-chevron-right\"><\/i>\t\t\t\t\t\t<\/div>\n\t\t\t\t\t\t\t\t\t\t\t\t\t\t\t\t<div class=\"swiper-pagination\"><\/div>\n\t\t\t\t\t\t\t\t\t\t\t\t<\/div>\n\t\t\t\t<\/div>\n\t\t\t\t\t\t\t\t<\/div>\n\t\t\t\t<\/div>\n\t\t\t\t<section class=\"elementor-section elementor-inner-section elementor-element elementor-element-21b9aae4 elementor-section-boxed elementor-section-height-default elementor-section-height-default\" data-id=\"21b9aae4\" data-element_type=\"section\" data-e-type=\"section\">\n\t\t\t\t\t\t<div class=\"elementor-container elementor-column-gap-default\">\n\t\t\t\t\t<div class=\"elementor-column elementor-col-50 elementor-inner-column elementor-element elementor-element-418fc1f0\" data-id=\"418fc1f0\" data-element_type=\"column\" data-e-type=\"column\" data-settings=\"{&quot;background_background&quot;:&quot;classic&quot;}\">\n\t\t\t<div class=\"elementor-widget-wrap elementor-element-populated\">\n\t\t\t\t\t\t<div class=\"elementor-element elementor-element-142cb59e elementor-widget elementor-widget-text-editor\" data-id=\"142cb59e\" data-element_type=\"widget\" data-e-type=\"widget\" data-widget_type=\"text-editor.default\">\n\t\t\t\t<div class=\"elementor-widget-container\">\n\t\t\t\t\t\t\t\t\t<h2>MAGMA<\/h2>\n<h3>formelle in vetro di Murano<\/h3>\n\t\t\t\t\t\t\t\t<\/div>\n\t\t\t\t<\/div>\n\t\t\t\t<div class=\"elementor-element elementor-element-5c1c0375 elementor-widget elementor-widget-text-editor\" data-id=\"5c1c0375\" data-element_type=\"widget\" data-e-type=\"widget\" data-widget_type=\"text-editor.default\">\n\t\t\t\t<div class=\"elementor-widget-container\">\n\t\t\t\t\t\t\t\t\t<p>La caratteristica distintiva delle nostre piastrelle in vetro di Murano &#8220;MAGMA&#8221; \u00e8 l&#8217;unicit\u00e0 di ogni singolo pezzo. Ogni piastrella presenta un colore principale, disponibile in blu, ametista o ambra, sapientemente miscelato con il bianco per creare striature e motivi intricati e unici nel loro genere. Per esaltare ulteriormente il design, sono incorporate delicate strisce di foglia d&#8217;oro 24K, che aggiungono un tocco lussuoso alla bellezza naturale e fluida di ogni piastrella.<\/p>\n<p>Oltre a decorare ville ed edifici residenziali, le piastrelle in vetro di Murano &#8220;MAGMA&#8221; sono particolarmente adatte per migliorare l&#8217;atmosfera in hotel di lusso, ristoranti raffinati e uffici direzionali, nonch\u00e9 per aggiungere un tocco artistico a showroom commerciali e boutique esclusive. Ogni piastrella \u00e8 realizzata da abili artigiani che miscelano attentamente colori intensi, tra cui blu, ametista e ambra, con sorprendenti motivi di venature bianche che creano design unici e accattivanti in ogni pezzo. Delicate strisce di foglia d&#8217;oro 24K sono integrate nel vetro, elevando la raffinatezza e l&#8217;opulenza di qualsiasi interno. Queste piastrelle non servono solo come elegante decorazione, ma anche come opere d&#8217;arte senza tempo, trasformando le pareti in punti focali che trasudano lusso e raffinatezza. La collezione &#8220;MAGMA&#8221; \u00e8 versatile e pu\u00f2 essere personalizzata per soddisfare le esatte esigenze estetiche di ogni progetto, rendendola una scelta perfetta per gli spazi che cercano un tocco artigianale e distintivo.<\/p>\n<p>Ogni prodotto \u00e8 fatto a mano, unico ed esclusivo! \u00c8 creato e firmato dal nostro maestro vetraio ed \u00e8 accompagnato da un certificato di garanzia per la qualit\u00e0 e l&#8217;autenticit\u00e0 del prodotto. Nella produzione artigianale, ogni oggetto in vetro pu\u00f2 essere leggermente diverso per forma, colore e dimensione dall&#8217;immagine sottostante. Eventuali piccole differenze e irregolarit\u00e0 nel design, nella forma e nel colore, cos\u00ec come piccole bolle d&#8217;aria, non sono difetti, ma un segno della qualit\u00e0 dei nostri prodotti.<\/p>\n\t\t\t\t\t\t\t\t<\/div>\n\t\t\t\t<\/div>\n\t\t\t\t\t<\/div>\n\t\t<\/div>\n\t\t\t\t<div class=\"elementor-column elementor-col-50 elementor-inner-column elementor-element elementor-element-201a00bb\" data-id=\"201a00bb\" data-element_type=\"column\" data-e-type=\"column\">\n\t\t\t<div class=\"elementor-widget-wrap elementor-element-populated\">\n\t\t\t\t\t\t<div class=\"elementor-element elementor-element-7b7fb78f elementor-widget-divider--view-line_text elementor-widget-divider--element-align-center elementor-widget elementor-widget-divider\" data-id=\"7b7fb78f\" data-element_type=\"widget\" data-e-type=\"widget\" data-widget_type=\"divider.default\">\n\t\t\t\t<div class=\"elementor-widget-container\">\n\t\t\t\t\t\t\t<div class=\"elementor-divider\">\n\t\t\t<span class=\"elementor-divider-separator\">\n\t\t\t\t\t\t\t<span class=\"elementor-divider__text elementor-divider__element\">\n\t\t\t\tCaratteristiche\t\t\t\t<\/span>\n\t\t\t\t\t\t<\/span>\n\t\t<\/div>\n\t\t\t\t\t\t<\/div>\n\t\t\t\t<\/div>\n\t\t\t\t<div class=\"elementor-element elementor-element-33f11972 elementor-widget elementor-widget-text-editor\" data-id=\"33f11972\" data-element_type=\"widget\" data-e-type=\"widget\" data-widget_type=\"text-editor.default\">\n\t\t\t\t<div class=\"elementor-widget-container\">\n\t\t\t\t\t\t\t\t\t<h3><strong><span style=\"text-decoration: underline;\">DIMENSIONI<\/span><\/strong><\/h3>\n<p><strong>Versione STANDARD<\/strong><br \/>28 x 28 cm | 11&#8243; x 11&#8243;<br \/>20 x 20 cm | 7\u00be&#8221; x 7\u00be&#8221;<br \/>30 x 13 cm | 11\u00be&#8221; x 5\u00bc&#8221;<br \/>spessore 9 mm | \u215c in<\/p>\n<p><strong>COLORI disponibili<\/strong><br \/>ambra<br \/>+ sfumatura bianca e oro<\/p>\n<p>ametista<br \/>+ sfumatura bianca e oro<\/p>\n<p>blu<br \/>+ sfumatura bianca e oro<\/p>\n<p>verde<br \/>+ sfumatura bianca e oro<\/p>\n\t\t\t\t\t\t\t\t<\/div>\n\t\t\t\t<\/div>\n\t\t\t\t<div class=\"elementor-element elementor-element-dda72cf elementor-widget elementor-widget-spacer\" data-id=\"dda72cf\" data-element_type=\"widget\" data-e-type=\"widget\" data-widget_type=\"spacer.default\">\n\t\t\t\t<div class=\"elementor-widget-container\">\n\t\t\t\t\t\t\t<div class=\"elementor-spacer\">\n\t\t\t<div class=\"elementor-spacer-inner\"><\/div>\n\t\t<\/div>\n\t\t\t\t\t\t<\/div>\n\t\t\t\t<\/div>\n\t\t\t\t<div class=\"elementor-element elementor-element-affeeec elementor-align-center elementor-widget elementor-widget-button\" data-id=\"affeeec\" data-element_type=\"widget\" data-e-type=\"widget\" data-widget_type=\"button.default\">\n\t\t\t\t<div class=\"elementor-widget-container\">\n\t\t\t\t\t\t\t\t\t<div class=\"elementor-button-wrapper\">\n\t\t\t\t\t<a class=\"elementor-button elementor-button-link elementor-size-sm\" href=\"mailto:info@veveglass.com\" target=\"_blank\">\n\t\t\t\t\t\t<span class=\"elementor-button-content-wrapper\">\n\t\t\t\t\t\t\t\t\t<span class=\"elementor-button-text\">Scopri di pi\u00f9 e contattaci!<\/span>\n\t\t\t\t\t<\/span>\n\t\t\t\t\t<\/a>\n\t\t\t\t<\/div>\n\t\t\t\t\t\t\t\t<\/div>\n\t\t\t\t<\/div>\n\t\t\t\t<div class=\"elementor-element elementor-element-241dec1b elementor-widget elementor-widget-spacer\" data-id=\"241dec1b\" data-element_type=\"widget\" data-e-type=\"widget\" data-widget_type=\"spacer.default\">\n\t\t\t\t<div class=\"elementor-widget-container\">\n\t\t\t\t\t\t\t<div class=\"elementor-spacer\">\n\t\t\t<div class=\"elementor-spacer-inner\"><\/div>\n\t\t<\/div>\n\t\t\t\t\t\t<\/div>\n\t\t\t\t<\/div>\n\t\t\t\t\t<\/div>\n\t\t<\/div>\n\t\t\t\t\t<\/div>\n\t\t<\/section>\n\t\t\t\t\t<\/div>\n\t\t<\/div>\n\t\t\t\t\t<\/div>\n\t\t<\/section>\n\t\t\t\t<section class=\"elementor-section elementor-top-section elementor-element elementor-element-5177b19e elementor-section-full_width elementor-section-height-default elementor-section-height-default\" data-id=\"5177b19e\" data-element_type=\"section\" data-e-type=\"section\" data-settings=\"{&quot;background_background&quot;:&quot;classic&quot;}\">\n\t\t\t\t\t\t<div class=\"elementor-container elementor-column-gap-default\">\n\t\t\t\t\t<div class=\"elementor-column elementor-col-25 elementor-top-column elementor-element elementor-element-42c5ea1c\" data-id=\"42c5ea1c\" data-element_type=\"column\" data-e-type=\"column\">\n\t\t\t<div class=\"elementor-widget-wrap elementor-element-populated\">\n\t\t\t\t\t\t<div class=\"elementor-element elementor-element-2226517e elementor-position-top elementor-widget elementor-widget-image-box\" data-id=\"2226517e\" data-element_type=\"widget\" data-e-type=\"widget\" data-widget_type=\"image-box.default\">\n\t\t\t\t<div class=\"elementor-widget-container\">\n\t\t\t\t\t<div class=\"elementor-image-box-wrapper\"><figure class=\"elementor-image-box-img\"><img fetchpriority=\"high\" decoding=\"async\" width=\"1024\" height=\"1024\" src=\"https:\/\/www.veveglass.com\/wp-content\/uploads\/2025\/03\/magma-blu-detail-v2.jpg\" class=\"elementor-animation-shrink attachment-full size-full wp-image-19446\" alt=\"\" srcset=\"https:\/\/www.veveglass.com\/wp-content\/uploads\/2025\/03\/magma-blu-detail-v2.jpg 1024w, https:\/\/www.veveglass.com\/wp-content\/uploads\/2025\/03\/magma-blu-detail-v2-300x300.jpg 300w, https:\/\/www.veveglass.com\/wp-content\/uploads\/2025\/03\/magma-blu-detail-v2-150x150.jpg 150w, https:\/\/www.veveglass.com\/wp-content\/uploads\/2025\/03\/magma-blu-detail-v2-768x768.jpg 768w, https:\/\/www.veveglass.com\/wp-content\/uploads\/2025\/03\/magma-blu-detail-v2-600x600.jpg 600w\" sizes=\"(max-width: 1024px) 100vw, 1024px\" \/><\/figure><div class=\"elementor-image-box-content\"><h3 class=\"elementor-image-box-title\">Magma blu<\/h3><\/div><\/div>\t\t\t\t<\/div>\n\t\t\t\t<\/div>\n\t\t\t\t\t<\/div>\n\t\t<\/div>\n\t\t\t\t<div class=\"elementor-column elementor-col-25 elementor-top-column elementor-element elementor-element-209b2166\" data-id=\"209b2166\" data-element_type=\"column\" data-e-type=\"column\">\n\t\t\t<div class=\"elementor-widget-wrap elementor-element-populated\">\n\t\t\t\t\t\t<div class=\"elementor-element elementor-element-265efa18 elementor-position-top elementor-widget elementor-widget-image-box\" data-id=\"265efa18\" data-element_type=\"widget\" data-e-type=\"widget\" data-widget_type=\"image-box.default\">\n\t\t\t\t<div class=\"elementor-widget-container\">\n\t\t\t\t\t<div class=\"elementor-image-box-wrapper\"><figure class=\"elementor-image-box-img\"><img decoding=\"async\" width=\"1024\" height=\"1024\" src=\"https:\/\/www.veveglass.com\/wp-content\/uploads\/2025\/03\/magma-ametista-detail-v2.jpg\" class=\"elementor-animation-shrink attachment-full size-full wp-image-19448\" alt=\"\" srcset=\"https:\/\/www.veveglass.com\/wp-content\/uploads\/2025\/03\/magma-ametista-detail-v2.jpg 1024w, https:\/\/www.veveglass.com\/wp-content\/uploads\/2025\/03\/magma-ametista-detail-v2-300x300.jpg 300w, https:\/\/www.veveglass.com\/wp-content\/uploads\/2025\/03\/magma-ametista-detail-v2-150x150.jpg 150w, https:\/\/www.veveglass.com\/wp-content\/uploads\/2025\/03\/magma-ametista-detail-v2-768x768.jpg 768w, https:\/\/www.veveglass.com\/wp-content\/uploads\/2025\/03\/magma-ametista-detail-v2-600x600.jpg 600w\" sizes=\"(max-width: 1024px) 100vw, 1024px\" \/><\/figure><div class=\"elementor-image-box-content\"><h3 class=\"elementor-image-box-title\">Magma ametista<\/h3><\/div><\/div>\t\t\t\t<\/div>\n\t\t\t\t<\/div>\n\t\t\t\t\t<\/div>\n\t\t<\/div>\n\t\t\t\t<div class=\"elementor-column elementor-col-25 elementor-top-column elementor-element elementor-element-b68eee6\" data-id=\"b68eee6\" data-element_type=\"column\" data-e-type=\"column\">\n\t\t\t<div class=\"elementor-widget-wrap elementor-element-populated\">\n\t\t\t\t\t\t<div class=\"elementor-element elementor-element-3218dad elementor-position-top elementor-widget elementor-widget-image-box\" data-id=\"3218dad\" data-element_type=\"widget\" data-e-type=\"widget\" data-widget_type=\"image-box.default\">\n\t\t\t\t<div class=\"elementor-widget-container\">\n\t\t\t\t\t<div class=\"elementor-image-box-wrapper\"><figure class=\"elementor-image-box-img\"><img decoding=\"async\" width=\"1024\" height=\"1024\" src=\"https:\/\/www.veveglass.com\/wp-content\/uploads\/2025\/03\/magma-verde-detail-v1.jpg\" class=\"elementor-animation-shrink attachment-full size-full wp-image-19216\" alt=\"\" srcset=\"https:\/\/www.veveglass.com\/wp-content\/uploads\/2025\/03\/magma-verde-detail-v1.jpg 1024w, https:\/\/www.veveglass.com\/wp-content\/uploads\/2025\/03\/magma-verde-detail-v1-300x300.jpg 300w, https:\/\/www.veveglass.com\/wp-content\/uploads\/2025\/03\/magma-verde-detail-v1-150x150.jpg 150w, https:\/\/www.veveglass.com\/wp-content\/uploads\/2025\/03\/magma-verde-detail-v1-768x768.jpg 768w, https:\/\/www.veveglass.com\/wp-content\/uploads\/2025\/03\/magma-verde-detail-v1-600x600.jpg 600w\" sizes=\"(max-width: 1024px) 100vw, 1024px\" \/><\/figure><div class=\"elementor-image-box-content\"><h3 class=\"elementor-image-box-title\">Magma verde<\/h3><\/div><\/div>\t\t\t\t<\/div>\n\t\t\t\t<\/div>\n\t\t\t\t\t<\/div>\n\t\t<\/div>\n\t\t\t\t<div class=\"elementor-column elementor-col-25 elementor-top-column elementor-element elementor-element-e6be8cb\" data-id=\"e6be8cb\" data-element_type=\"column\" data-e-type=\"column\">\n\t\t\t<div class=\"elementor-widget-wrap elementor-element-populated\">\n\t\t\t\t\t\t<div class=\"elementor-element elementor-element-6e00d65 elementor-position-top elementor-widget elementor-widget-image-box\" data-id=\"6e00d65\" data-element_type=\"widget\" data-e-type=\"widget\" data-widget_type=\"image-box.default\">\n\t\t\t\t<div class=\"elementor-widget-container\">\n\t\t\t\t\t<div class=\"elementor-image-box-wrapper\"><figure class=\"elementor-image-box-img\"><img loading=\"lazy\" decoding=\"async\" width=\"1024\" height=\"1024\" src=\"https:\/\/www.veveglass.com\/wp-content\/uploads\/2025\/03\/magma-ambra-detail-v2.jpg\" class=\"elementor-animation-shrink attachment-full size-full wp-image-19450\" alt=\"\" srcset=\"https:\/\/www.veveglass.com\/wp-content\/uploads\/2025\/03\/magma-ambra-detail-v2.jpg 1024w, https:\/\/www.veveglass.com\/wp-content\/uploads\/2025\/03\/magma-ambra-detail-v2-300x300.jpg 300w, https:\/\/www.veveglass.com\/wp-content\/uploads\/2025\/03\/magma-ambra-detail-v2-150x150.jpg 150w, https:\/\/www.veveglass.com\/wp-content\/uploads\/2025\/03\/magma-ambra-detail-v2-768x768.jpg 768w, https:\/\/www.veveglass.com\/wp-content\/uploads\/2025\/03\/magma-ambra-detail-v2-600x600.jpg 600w\" sizes=\"(max-width: 1024px) 100vw, 1024px\" \/><\/figure><div class=\"elementor-image-box-content\"><h3 class=\"elementor-image-box-title\">Magma ambra<\/h3><\/div><\/div>\t\t\t\t<\/div>\n\t\t\t\t<\/div>\n\t\t\t\t\t<\/div>\n\t\t<\/div>\n\t\t\t\t\t<\/div>\n\t\t<\/section>\n\t\t\t\t<section class=\"elementor-section elementor-top-section elementor-element elementor-element-2ea70f3c elementor-section-full_width elementor-section-height-default elementor-section-height-default\" data-id=\"2ea70f3c\" data-element_type=\"section\" data-e-type=\"section\" data-settings=\"{&quot;background_background&quot;:&quot;classic&quot;}\">\n\t\t\t\t\t\t<div class=\"elementor-container elementor-column-gap-default\">\n\t\t\t\t\t<div class=\"elementor-column elementor-col-100 elementor-top-column elementor-element elementor-element-6e2e49af\" data-id=\"6e2e49af\" data-element_type=\"column\" data-e-type=\"column\">\n\t\t\t<div class=\"elementor-widget-wrap elementor-element-populated\">\n\t\t\t\t\t\t<div class=\"elementor-element elementor-element-7b9901d4 elementor-widget elementor-widget-spacer\" data-id=\"7b9901d4\" data-element_type=\"widget\" data-e-type=\"widget\" data-widget_type=\"spacer.default\">\n\t\t\t\t<div class=\"elementor-widget-container\">\n\t\t\t\t\t\t\t<div class=\"elementor-spacer\">\n\t\t\t<div class=\"elementor-spacer-inner\"><\/div>\n\t\t<\/div>\n\t\t\t\t\t\t<\/div>\n\t\t\t\t<\/div>\n\t\t\t\t<div class=\"elementor-element elementor-element-3efe2227 elementor-widget elementor-widget-text-editor\" data-id=\"3efe2227\" data-element_type=\"widget\" data-e-type=\"widget\" data-widget_type=\"text-editor.default\">\n\t\t\t\t<div class=\"elementor-widget-container\">\n\t\t\t\t\t\t\t\t\t<p>Hai bisogno di grandi quantit\u00e0? Lo vuoi in colori o dimensioni diverse? Vuoi un ordine personalizzato? <br \/>Come produttori, <a href=\"https:\/\/www.cromiaglass.com\" target=\"_blank\" rel=\"noopener\">creiamo<\/a> oggetti personalizzati con decorazioni, colori o forme diverse in base alle vostre esigenze.<\/p>\n\t\t\t\t\t\t\t\t<\/div>\n\t\t\t\t<\/div>\n\t\t\t\t<div class=\"elementor-element elementor-element-34eb2b8f elementor-align-center elementor-widget elementor-widget-button\" data-id=\"34eb2b8f\" data-element_type=\"widget\" data-e-type=\"widget\" data-widget_type=\"button.default\">\n\t\t\t\t<div class=\"elementor-widget-container\">\n\t\t\t\t\t\t\t\t\t<div class=\"elementor-button-wrapper\">\n\t\t\t\t\t<a class=\"elementor-button elementor-button-link elementor-size-xl\" href=\"mailto:info@veveglass.com\" target=\"_blank\">\n\t\t\t\t\t\t<span class=\"elementor-button-content-wrapper\">\n\t\t\t\t\t\t<span class=\"elementor-button-icon\">\n\t\t\t\t<i aria-hidden=\"true\" class=\"fas fa-arrow-circle-right\"><\/i>\t\t\t<\/span>\n\t\t\t\t\t\t\t\t\t<span class=\"elementor-button-text\">Contattaci ora!<\/span>\n\t\t\t\t\t<\/span>\n\t\t\t\t\t<\/a>\n\t\t\t\t<\/div>\n\t\t\t\t\t\t\t\t<\/div>\n\t\t\t\t<\/div>\n\t\t\t\t<div class=\"elementor-element elementor-element-4d5d8144 elementor-widget elementor-widget-spacer\" data-id=\"4d5d8144\" data-element_type=\"widget\" data-e-type=\"widget\" data-widget_type=\"spacer.default\">\n\t\t\t\t<div class=\"elementor-widget-container\">\n\t\t\t\t\t\t\t<div class=\"elementor-spacer\">\n\t\t\t<div class=\"elementor-spacer-inner\"><\/div>\n\t\t<\/div>\n\t\t\t\t\t\t<\/div>\n\t\t\t\t<\/div>\n\t\t\t\t\t<\/div>\n\t\t<\/div>\n\t\t\t\t\t<\/div>\n\t\t<\/section>\n\t\t\t\t<\/div>\n\t\t","protected":false},"excerpt":{"rendered":"<p>Magma Formelle in vetro di Murano Magma Formelle in vetro di Murano MAGMA formelle in vetro di Murano La caratteristica distintiva delle nostre piastrelle in vetro di Murano &#8220;MAGMA&#8221; \u00e8 l&#8217;unicit\u00e0 di ogni singolo pezzo. Ogni piastrella presenta un colore principale, disponibile in blu, ametista o ambra, sapientemente miscelato con il bianco per creare striature [&hellip;]<\/p>\n","protected":false},"author":1,"featured_media":0,"parent":10001,"menu_order":0,"comment_status":"closed","ping_status":"closed","template":"","meta":{"ocean_post_layout":"full-screen","ocean_both_sidebars_style":"","ocean_both_sidebars_content_width":0,"ocean_both_sidebars_sidebars_width":0,"ocean_sidebar":"","ocean_second_sidebar":"","ocean_disable_margins":"enable","ocean_add_body_class":"","ocean_shortcode_before_top_bar":"","ocean_shortcode_after_top_bar":"","ocean_shortcode_before_header":"","ocean_shortcode_after_header":"","ocean_has_shortcode":"","ocean_shortcode_after_title":"","ocean_shortcode_before_footer_widgets":"","ocean_shortcode_after_footer_widgets":"","ocean_shortcode_before_footer_bottom":"","ocean_shortcode_after_footer_bottom":"","ocean_display_top_bar":"default","ocean_display_header":"default","ocean_header_style":"","ocean_center_header_left_menu":"","ocean_custom_header_template":"","ocean_custom_logo":0,"ocean_custom_retina_logo":0,"ocean_custom_logo_max_width":0,"ocean_custom_logo_tablet_max_width":0,"ocean_custom_logo_mobile_max_width":0,"ocean_custom_logo_max_height":0,"ocean_custom_logo_tablet_max_height":0,"ocean_custom_logo_mobile_max_height":0,"ocean_header_custom_menu":"","ocean_menu_typo_font_family":"","ocean_menu_typo_font_subset":"","ocean_menu_typo_font_size":0,"ocean_menu_typo_font_size_tablet":0,"ocean_menu_typo_font_size_mobile":0,"ocean_menu_typo_font_size_unit":"px","ocean_menu_typo_font_weight":"","ocean_menu_typo_font_weight_tablet":"","ocean_menu_typo_font_weight_mobile":"","ocean_menu_typo_transform":"","ocean_menu_typo_transform_tablet":"","ocean_menu_typo_transform_mobile":"","ocean_menu_typo_line_height":0,"ocean_menu_typo_line_height_tablet":0,"ocean_menu_typo_line_height_mobile":0,"ocean_menu_typo_line_height_unit":"","ocean_menu_typo_spacing":0,"ocean_menu_typo_spacing_tablet":0,"ocean_menu_typo_spacing_mobile":0,"ocean_menu_typo_spacing_unit":"","ocean_menu_link_color":"","ocean_menu_link_color_hover":"","ocean_menu_link_color_active":"","ocean_menu_link_background":"","ocean_menu_link_hover_background":"","ocean_menu_link_active_background":"","ocean_menu_social_links_bg":"","ocean_menu_social_hover_links_bg":"","ocean_menu_social_links_color":"","ocean_menu_social_hover_links_color":"","ocean_disable_title":"on","ocean_disable_heading":"default","ocean_post_title":"","ocean_post_subheading":"","ocean_post_title_style":"","ocean_post_title_background_color":"","ocean_post_title_background":0,"ocean_post_title_bg_image_position":"","ocean_post_title_bg_image_attachment":"","ocean_post_title_bg_image_repeat":"","ocean_post_title_bg_image_size":"","ocean_post_title_height":0,"ocean_post_title_bg_overlay":0.5,"ocean_post_title_bg_overlay_color":"","ocean_disable_breadcrumbs":"default","ocean_breadcrumbs_color":"","ocean_breadcrumbs_separator_color":"","ocean_breadcrumbs_links_color":"","ocean_breadcrumbs_links_hover_color":"","ocean_display_footer_widgets":"default","ocean_display_footer_bottom":"default","ocean_custom_footer_template":"","footnotes":""},"class_list":["post-19748","page","type-page","status-publish","hentry","entry"],"_links":{"self":[{"href":"https:\/\/www.veveglass.com\/it\/wp-json\/wp\/v2\/pages\/19748","targetHints":{"allow":["GET"]}}],"collection":[{"href":"https:\/\/www.veveglass.com\/it\/wp-json\/wp\/v2\/pages"}],"about":[{"href":"https:\/\/www.veveglass.com\/it\/wp-json\/wp\/v2\/types\/page"}],"author":[{"embeddable":true,"href":"https:\/\/www.veveglass.com\/it\/wp-json\/wp\/v2\/users\/1"}],"replies":[{"embeddable":true,"href":"https:\/\/www.veveglass.com\/it\/wp-json\/wp\/v2\/comments?post=19748"}],"version-history":[{"count":1,"href":"https:\/\/www.veveglass.com\/it\/wp-json\/wp\/v2\/pages\/19748\/revisions"}],"predecessor-version":[{"id":19749,"href":"https:\/\/www.veveglass.com\/it\/wp-json\/wp\/v2\/pages\/19748\/revisions\/19749"}],"up":[{"embeddable":true,"href":"https:\/\/www.veveglass.com\/it\/wp-json\/wp\/v2\/pages\/10001"}],"wp:attachment":[{"href":"https:\/\/www.veveglass.com\/it\/wp-json\/wp\/v2\/media?parent=19748"}],"curies":[{"name":"wp","href":"https:\/\/api.w.org\/{rel}","templated":true}]}}