{"id":9928,"date":"2021-05-05T15:04:22","date_gmt":"2021-05-05T14:04:22","guid":{"rendered":"https:\/\/www.veveglass.com\/home\/"},"modified":"2025-04-04T13:30:54","modified_gmt":"2025-04-04T12:30:54","slug":"home","status":"publish","type":"page","link":"https:\/\/www.veveglass.com\/it\/","title":{"rendered":"Home"},"content":{"rendered":"\t\t<div data-elementor-type=\"wp-post\" data-elementor-id=\"9928\" class=\"elementor elementor-9928 elementor-2767\" data-elementor-post-type=\"page\">\n\t\t\t\t\t\t<section class=\"elementor-section elementor-top-section elementor-element elementor-element-12881da3 elementor-section-boxed elementor-section-height-default elementor-section-height-default\" data-id=\"12881da3\" data-element_type=\"section\" data-e-type=\"section\">\n\t\t\t\t\t\t<div class=\"elementor-container elementor-column-gap-default\">\n\t\t\t\t\t<div class=\"elementor-column elementor-col-100 elementor-top-column elementor-element elementor-element-41b5e321\" data-id=\"41b5e321\" data-element_type=\"column\" data-e-type=\"column\">\n\t\t\t<div class=\"elementor-widget-wrap elementor-element-populated\">\n\t\t\t\t\t\t<div class=\"elementor-element elementor-element-3eecbf6f elementor-widget elementor-widget-spacer\" data-id=\"3eecbf6f\" data-element_type=\"widget\" data-e-type=\"widget\" data-widget_type=\"spacer.default\">\n\t\t\t\t<div class=\"elementor-widget-container\">\n\t\t\t\t\t\t\t<div class=\"elementor-spacer\">\n\t\t\t<div class=\"elementor-spacer-inner\"><\/div>\n\t\t<\/div>\n\t\t\t\t\t\t<\/div>\n\t\t\t\t<\/div>\n\t\t\t\t\t<\/div>\n\t\t<\/div>\n\t\t\t\t\t<\/div>\n\t\t<\/section>\n\t\t\t\t<section class=\"elementor-section elementor-top-section elementor-element elementor-element-48ab392f elementor-section-boxed elementor-section-height-default elementor-section-height-default\" data-id=\"48ab392f\" data-element_type=\"section\" data-e-type=\"section\">\n\t\t\t\t\t\t<div class=\"elementor-container elementor-column-gap-default\">\n\t\t\t\t\t<div class=\"elementor-column elementor-col-100 elementor-top-column elementor-element elementor-element-562724ad\" data-id=\"562724ad\" data-element_type=\"column\" data-e-type=\"column\">\n\t\t\t<div class=\"elementor-widget-wrap\">\n\t\t\t\t\t\t\t<\/div>\n\t\t<\/div>\n\t\t\t\t\t<\/div>\n\t\t<\/section>\n\t\t\t\t<section class=\"elementor-section elementor-top-section elementor-element elementor-element-11bf14e8 elementor-section-full_width elementor-section-stretched elementor-section-height-default elementor-section-height-default\" data-id=\"11bf14e8\" data-element_type=\"section\" data-e-type=\"section\" data-settings=\"{&quot;stretch_section&quot;:&quot;section-stretched&quot;}\">\n\t\t\t\t\t\t<div class=\"elementor-container elementor-column-gap-no\">\n\t\t\t\t\t<div class=\"elementor-column elementor-col-100 elementor-top-column elementor-element elementor-element-50e122d4\" data-id=\"50e122d4\" data-element_type=\"column\" data-e-type=\"column\">\n\t\t\t<div class=\"elementor-widget-wrap elementor-element-populated\">\n\t\t\t\t\t\t<div class=\"elementor-element elementor-element-7e9fdefb elementor--v-position-bottom elementor--h-position-center elementor-arrows-position-inside elementor-pagination-position-inside elementor-widget elementor-widget-slides\" data-id=\"7e9fdefb\" data-element_type=\"widget\" data-e-type=\"widget\" data-settings=\"{&quot;navigation&quot;:&quot;both&quot;,&quot;autoplay&quot;:&quot;yes&quot;,&quot;pause_on_hover&quot;:&quot;yes&quot;,&quot;pause_on_interaction&quot;:&quot;yes&quot;,&quot;autoplay_speed&quot;:5000,&quot;infinite&quot;:&quot;yes&quot;,&quot;transition&quot;:&quot;slide&quot;,&quot;transition_speed&quot;:500}\" data-widget_type=\"slides.default\">\n\t\t\t\t<div class=\"elementor-widget-container\">\n\t\t\t\t\t\t\t\t\t<div class=\"elementor-swiper\">\n\t\t\t\t\t<div class=\"elementor-slides-wrapper elementor-main-swiper swiper\" role=\"region\" aria-roledescription=\"carousel\" aria-label=\"Slides\" dir=\"ltr\" data-animation=\"fadeInUp\">\n\t\t\t\t<div class=\"swiper-wrapper elementor-slides\">\n\t\t\t\t\t\t\t\t\t\t<div class=\"elementor-repeater-item-854eff9 swiper-slide\" role=\"group\" aria-roledescription=\"slide\"><div class=\"swiper-slide-bg\" role=\"img\" aria-label=\"slide-2025-v8.jpg\"><\/div><a class=\"swiper-slide-inner\" href=\"https:\/\/www.veveglass.com\/it\/divisori-in-vetro\/\"><div class=\"swiper-slide-contents\"><div class=\"elementor-slide-heading\">ARTE & DESIGN<br>sinergie, emozioni<\/div><div class=\"elementor-slide-description\"><p>Progettiamo decorazioni in vetro di Murano eleganti e senza tempo <br \/>per un interior design su misura con un raffinato stile italiano<\/p>\n<\/div><div  class=\"elementor-button elementor-slide-button elementor-size-sm\">SCOPRI DI PI\u00d9<\/div><\/div><\/a><\/div><div class=\"elementor-repeater-item-c7a89d2 swiper-slide\" role=\"group\" aria-roledescription=\"slide\"><div class=\"swiper-slide-bg\" role=\"img\" aria-label=\"slide-2025-wall-art-v2-scaled.jpg\"><\/div><a class=\"swiper-slide-inner\" href=\"https:\/\/www.veveglass.com\/it\/pannelli-decorativi\/\"><div class=\"swiper-slide-contents\"><div class=\"elementor-slide-heading\">ARTE & DESIGN<br>sinergie, emozioni<\/div><div class=\"elementor-slide-description\"><p>Progettiamo decorazioni in vetro di Murano eleganti e senza tempo <br \/>per un interior design su misura con un raffinato stile italiano<\/p>\n<\/div><div  class=\"elementor-button elementor-slide-button elementor-size-sm\">SCOPRI DI PI\u00d9<\/div><\/div><\/a><\/div><div class=\"elementor-repeater-item-eb90648 swiper-slide\" role=\"group\" aria-roledescription=\"slide\"><div class=\"swiper-slide-bg\" role=\"img\" aria-label=\"slide-2025-glass-tiles-v2-scaled.jpg\"><\/div><a class=\"swiper-slide-inner\" href=\"https:\/\/www.veveglass.com\/it\/formelle-in-vetro\/\"><div class=\"swiper-slide-contents\"><div class=\"elementor-slide-heading\">ARTE & DESIGN<br>sinergie, emozioni<\/div><div class=\"elementor-slide-description\"><p>Progettiamo decorazioni in vetro di Murano eleganti e senza tempo <br \/>per un interior design su misura con un raffinato stile italiano<\/p>\n<\/div><div  class=\"elementor-button elementor-slide-button elementor-size-sm\">SCOPRI DI PI\u00d9<\/div><\/div><\/a><\/div><div class=\"elementor-repeater-item-bef60bd swiper-slide\" role=\"group\" aria-roledescription=\"slide\"><div class=\"swiper-slide-bg\" role=\"img\" aria-label=\"slide-2023-sculptures-scaled.jpg\"><\/div><a class=\"swiper-slide-inner\" href=\"https:\/\/www.veveglass.com\/it\/oggetti-di-design\/\"><div class=\"swiper-slide-contents\"><div class=\"elementor-slide-heading\">ARTE & DESIGN<br>sinergie, emozioni<\/div><div class=\"elementor-slide-description\"><p>Progettiamo decorazioni in vetro di Murano eleganti e senza tempo <br \/>per un interior design su misura con un raffinato stile italiano<\/p>\n<\/div><div  class=\"elementor-button elementor-slide-button elementor-size-sm\">SCOPRI DI PI\u00d9<\/div><\/div><\/a><\/div>\t\t\t\t<\/div>\n\t\t\t\t\t\t\t\t\t\t\t\t\t\t\t<div class=\"elementor-swiper-button elementor-swiper-button-prev\" role=\"button\" tabindex=\"0\" aria-label=\"Diapositiva precedente\">\n\t\t\t\t\t\t\t<i aria-hidden=\"true\" class=\"eicon-chevron-left\"><\/i>\t\t\t\t\t\t<\/div>\n\t\t\t\t\t\t<div class=\"elementor-swiper-button elementor-swiper-button-next\" role=\"button\" tabindex=\"0\" aria-label=\"Prossima diapositiva\">\n\t\t\t\t\t\t\t<i aria-hidden=\"true\" class=\"eicon-chevron-right\"><\/i>\t\t\t\t\t\t<\/div>\n\t\t\t\t\t\t\t\t\t\t\t\t\t\t\t\t<div class=\"swiper-pagination\"><\/div>\n\t\t\t\t\t\t\t\t\t\t\t\t<\/div>\n\t\t\t\t<\/div>\n\t\t\t\t\t\t\t\t<\/div>\n\t\t\t\t<\/div>\n\t\t\t\t\t<\/div>\n\t\t<\/div>\n\t\t\t\t\t<\/div>\n\t\t<\/section>\n\t\t\t\t<section class=\"elementor-section elementor-top-section elementor-element elementor-element-845caa3 elementor-section-full_width elementor-section-height-min-height elementor-section-stretched elementor-section-height-default elementor-section-items-middle\" data-id=\"845caa3\" data-element_type=\"section\" data-e-type=\"section\" data-settings=\"{&quot;stretch_section&quot;:&quot;section-stretched&quot;,&quot;background_background&quot;:&quot;classic&quot;}\">\n\t\t\t\t\t\t<div class=\"elementor-container elementor-column-gap-default\">\n\t\t\t\t\t<div class=\"elementor-column elementor-col-50 elementor-top-column elementor-element elementor-element-56b59172\" data-id=\"56b59172\" data-element_type=\"column\" data-e-type=\"column\">\n\t\t\t<div class=\"elementor-widget-wrap elementor-element-populated\">\n\t\t\t\t\t\t<div class=\"elementor-element elementor-element-585eaba7 elementor-widget elementor-widget-e_image_hover_effects\" data-id=\"585eaba7\" data-element_type=\"widget\" data-e-type=\"widget\" data-widget_type=\"e_image_hover_effects.default\">\n\t\t\t\t<div class=\"elementor-widget-container\">\n\t\t\t\t\t\t\t\t<a href=\"https:\/\/www.veveglass.com\/it\/progetti-custom\/\">\n\t\t\t\t\t<div class=\"eihe-box eihe-fade eihe_center\">\n\t\t\t\t<img fetchpriority=\"high\" decoding=\"async\" width=\"1024\" height=\"1024\" src=\"https:\/\/www.veveglass.com\/wp-content\/uploads\/2025\/02\/CONTRACT-v3.jpg\" class=\"attachment-full size-full wp-image-19073\" alt=\"\" srcset=\"https:\/\/www.veveglass.com\/wp-content\/uploads\/2025\/02\/CONTRACT-v3.jpg 1024w, https:\/\/www.veveglass.com\/wp-content\/uploads\/2025\/02\/CONTRACT-v3-300x300.jpg 300w, https:\/\/www.veveglass.com\/wp-content\/uploads\/2025\/02\/CONTRACT-v3-150x150.jpg 150w, https:\/\/www.veveglass.com\/wp-content\/uploads\/2025\/02\/CONTRACT-v3-768x768.jpg 768w, https:\/\/www.veveglass.com\/wp-content\/uploads\/2025\/02\/CONTRACT-v3-600x600.jpg 600w\" sizes=\"(max-width: 1024px) 100vw, 1024px\" \/>\t\t\t\t<div class=\"eihe-caption\">\n\t\t\t\t\t<div class=\"eihe-title-cover\">\n\t\t\t\t\t\t\t\t\t\t\t\t<h3 class=\"eihe-title\">PROGETTI PERSONALIZZATI<\/h3>\n\t\t\t\t\t\t\t\t\t\t\t<\/div>\n\t\t\t\t\t<p>Divisori in vetro, decorazioni murali, formelle in vetro<\/p>\n\t\t\t\t<\/div>\n\t\t\t<\/div>\n\t\t\t\t\t<\/a>\n\t\t\t\t\t\t<\/div>\n\t\t\t\t<\/div>\n\t\t\t\t\t<\/div>\n\t\t<\/div>\n\t\t\t\t<div class=\"elementor-column elementor-col-50 elementor-top-column elementor-element elementor-element-36bd85c3\" data-id=\"36bd85c3\" data-element_type=\"column\" data-e-type=\"column\">\n\t\t\t<div class=\"elementor-widget-wrap elementor-element-populated\">\n\t\t\t\t\t\t<div class=\"elementor-element elementor-element-523720fe elementor-widget elementor-widget-e_image_hover_effects\" data-id=\"523720fe\" data-element_type=\"widget\" data-e-type=\"widget\" data-widget_type=\"e_image_hover_effects.default\">\n\t\t\t\t<div class=\"elementor-widget-container\">\n\t\t\t\t\t\t\t\t<a href=\"https:\/\/www.veveglass.com\/it\/oggetti-di-design\/\">\n\t\t\t\t\t<div class=\"eihe-box eihe-fade eihe_center\">\n\t\t\t\t<img decoding=\"async\" width=\"1024\" height=\"1024\" src=\"https:\/\/www.veveglass.com\/wp-content\/uploads\/2025\/02\/OBJECTS-v3.jpg\" class=\"attachment-full size-full wp-image-19075\" alt=\"\" srcset=\"https:\/\/www.veveglass.com\/wp-content\/uploads\/2025\/02\/OBJECTS-v3.jpg 1024w, https:\/\/www.veveglass.com\/wp-content\/uploads\/2025\/02\/OBJECTS-v3-300x300.jpg 300w, https:\/\/www.veveglass.com\/wp-content\/uploads\/2025\/02\/OBJECTS-v3-150x150.jpg 150w, https:\/\/www.veveglass.com\/wp-content\/uploads\/2025\/02\/OBJECTS-v3-768x768.jpg 768w, https:\/\/www.veveglass.com\/wp-content\/uploads\/2025\/02\/OBJECTS-v3-600x600.jpg 600w\" sizes=\"(max-width: 1024px) 100vw, 1024px\" \/>\t\t\t\t<div class=\"eihe-caption\">\n\t\t\t\t\t<div class=\"eihe-title-cover\">\n\t\t\t\t\t\t\t\t\t\t\t\t<h3 class=\"eihe-title\">OGGETTI DI DESIGN<\/h3>\n\t\t\t\t\t\t\t\t\t\t\t<\/div>\n\t\t\t\t\t<p>Centrotavola, sculture e altro<\/p>\n\t\t\t\t<\/div>\n\t\t\t<\/div>\n\t\t\t\t\t<\/a>\n\t\t\t\t\t\t<\/div>\n\t\t\t\t<\/div>\n\t\t\t\t\t<\/div>\n\t\t<\/div>\n\t\t\t\t\t<\/div>\n\t\t<\/section>\n\t\t\t\t<section class=\"elementor-section elementor-top-section elementor-element elementor-element-4799eb85 elementor-section-full_width elementor-section-height-min-height elementor-section-stretched elementor-section-height-default elementor-section-items-middle\" data-id=\"4799eb85\" data-element_type=\"section\" data-e-type=\"section\" data-settings=\"{&quot;stretch_section&quot;:&quot;section-stretched&quot;}\">\n\t\t\t\t\t\t<div class=\"elementor-container elementor-column-gap-default\">\n\t\t\t\t\t<div class=\"elementor-column elementor-col-100 elementor-top-column elementor-element elementor-element-5c563cb6\" data-id=\"5c563cb6\" data-element_type=\"column\" data-e-type=\"column\">\n\t\t\t<div class=\"elementor-widget-wrap elementor-element-populated\">\n\t\t\t\t\t\t<div class=\"elementor-element elementor-element-52e7e89d elementor-widget elementor-widget-e_image_hover_effects\" data-id=\"52e7e89d\" data-element_type=\"widget\" data-e-type=\"widget\" data-widget_type=\"e_image_hover_effects.default\">\n\t\t\t\t<div class=\"elementor-widget-container\">\n\t\t\t\t\t\t\t\t<a href=\"https:\/\/www.veveglass.com\/it\/su-misura\/\">\n\t\t\t\t\t<div class=\"eihe-box eihe-fade eihe_center\">\n\t\t\t\t<img decoding=\"async\" width=\"2560\" height=\"1707\" src=\"https:\/\/www.veveglass.com\/wp-content\/uploads\/2025\/02\/slide-satellite-v2-scaled-1.jpg\" class=\"attachment-full size-full wp-image-19079\" alt=\"\" srcset=\"https:\/\/www.veveglass.com\/wp-content\/uploads\/2025\/02\/slide-satellite-v2-scaled-1.jpg 2560w, https:\/\/www.veveglass.com\/wp-content\/uploads\/2025\/02\/slide-satellite-v2-scaled-1-300x200.jpg 300w, https:\/\/www.veveglass.com\/wp-content\/uploads\/2025\/02\/slide-satellite-v2-scaled-1-1024x683.jpg 1024w, https:\/\/www.veveglass.com\/wp-content\/uploads\/2025\/02\/slide-satellite-v2-scaled-1-768x512.jpg 768w, https:\/\/www.veveglass.com\/wp-content\/uploads\/2025\/02\/slide-satellite-v2-scaled-1-1536x1024.jpg 1536w, https:\/\/www.veveglass.com\/wp-content\/uploads\/2025\/02\/slide-satellite-v2-scaled-1-2048x1366.jpg 2048w, https:\/\/www.veveglass.com\/wp-content\/uploads\/2025\/02\/slide-satellite-v2-scaled-1-1320x880.jpg 1320w\" sizes=\"(max-width: 2560px) 100vw, 2560px\" \/>\t\t\t\t<div class=\"eihe-caption\">\n\t\t\t\t\t<div class=\"eihe-title-cover\">\n\t\t\t\t\t\t\t\t\t\t\t\t<h1 class=\"eihe-title\">SU MISURA<\/h1>\n\t\t\t\t\t\t\t\t\t\t\t<\/div>\n\t\t\t\t\t<p>CONTRACT, PROGETTI, ISPIRAZIONE<\/p>\n\t\t\t\t<\/div>\n\t\t\t<\/div>\n\t\t\t\t\t<\/a>\n\t\t\t\t\t\t<\/div>\n\t\t\t\t<\/div>\n\t\t\t\t\t<\/div>\n\t\t<\/div>\n\t\t\t\t\t<\/div>\n\t\t<\/section>\n\t\t\t\t<section class=\"elementor-section elementor-top-section elementor-element elementor-element-9920938 elementor-section-full_width elementor-section-height-min-height elementor-section-stretched elementor-section-height-default elementor-section-items-middle\" data-id=\"9920938\" data-element_type=\"section\" data-e-type=\"section\" data-settings=\"{&quot;stretch_section&quot;:&quot;section-stretched&quot;}\">\n\t\t\t\t\t\t<div class=\"elementor-container elementor-column-gap-default\">\n\t\t\t\t\t<div class=\"elementor-column elementor-col-100 elementor-top-column elementor-element elementor-element-7a19a572\" data-id=\"7a19a572\" data-element_type=\"column\" data-e-type=\"column\">\n\t\t\t<div class=\"elementor-widget-wrap elementor-element-populated\">\n\t\t\t\t\t\t<div class=\"elementor-element elementor-element-423cc1b1 elementor-widget elementor-widget-e_image_hover_effects\" data-id=\"423cc1b1\" data-element_type=\"widget\" data-e-type=\"widget\" data-widget_type=\"e_image_hover_effects.default\">\n\t\t\t\t<div class=\"elementor-widget-container\">\n\t\t\t\t\t\t\t\t<a href=\"https:\/\/www.veveglass.com\/it\/professionalita\/\">\n\t\t\t\t\t<div class=\"eihe-box eihe-fade-in-up eihe_center\">\n\t\t\t\t<img loading=\"lazy\" decoding=\"async\" width=\"1920\" height=\"970\" src=\"https:\/\/www.veveglass.com\/wp-content\/uploads\/2023\/08\/custom-made-v2.jpg\" class=\"attachment-full size-full wp-image-14656\" alt=\"\" srcset=\"https:\/\/www.veveglass.com\/wp-content\/uploads\/2023\/08\/custom-made-v2.jpg 1920w, https:\/\/www.veveglass.com\/wp-content\/uploads\/2023\/08\/custom-made-v2-300x152.jpg 300w, https:\/\/www.veveglass.com\/wp-content\/uploads\/2023\/08\/custom-made-v2-1024x517.jpg 1024w, https:\/\/www.veveglass.com\/wp-content\/uploads\/2023\/08\/custom-made-v2-768x388.jpg 768w, https:\/\/www.veveglass.com\/wp-content\/uploads\/2023\/08\/custom-made-v2-1536x776.jpg 1536w, https:\/\/www.veveglass.com\/wp-content\/uploads\/2023\/08\/custom-made-v2-1320x667.jpg 1320w\" sizes=\"(max-width: 1920px) 100vw, 1920px\" \/>\t\t\t\t<div class=\"eihe-caption\">\n\t\t\t\t\t<div class=\"eihe-title-cover\">\n\t\t\t\t\t\t\t\t\t\t\t\t<h1 class=\"eihe-title\">PROFESSIONALITA'<\/h1>\n\t\t\t\t\t\t\t\t\t\t\t<\/div>\n\t\t\t\t\t<p><\/p>\n\t\t\t\t<\/div>\n\t\t\t<\/div>\n\t\t\t\t\t<\/a>\n\t\t\t\t\t\t<\/div>\n\t\t\t\t<\/div>\n\t\t\t\t\t<\/div>\n\t\t<\/div>\n\t\t\t\t\t<\/div>\n\t\t<\/section>\n\t\t\t\t<section class=\"elementor-section elementor-top-section elementor-element elementor-element-76fee4f elementor-section-boxed elementor-section-height-default elementor-section-height-default\" data-id=\"76fee4f\" data-element_type=\"section\" data-e-type=\"section\">\n\t\t\t\t\t\t<div class=\"elementor-container elementor-column-gap-default\">\n\t\t\t\t\t<div class=\"elementor-column elementor-col-100 elementor-top-column elementor-element elementor-element-286c4364\" data-id=\"286c4364\" data-element_type=\"column\" data-e-type=\"column\">\n\t\t\t<div class=\"elementor-widget-wrap elementor-element-populated\">\n\t\t\t\t\t\t<div class=\"elementor-element elementor-element-729f0ba0 elementor-widget elementor-widget-spacer\" data-id=\"729f0ba0\" data-element_type=\"widget\" data-e-type=\"widget\" data-widget_type=\"spacer.default\">\n\t\t\t\t<div class=\"elementor-widget-container\">\n\t\t\t\t\t\t\t<div class=\"elementor-spacer\">\n\t\t\t<div class=\"elementor-spacer-inner\"><\/div>\n\t\t<\/div>\n\t\t\t\t\t\t<\/div>\n\t\t\t\t<\/div>\n\t\t\t\t<div class=\"elementor-element elementor-element-e3eec0e elementor-widget elementor-widget-heading\" data-id=\"e3eec0e\" data-element_type=\"widget\" data-e-type=\"widget\" data-widget_type=\"heading.default\">\n\t\t\t\t<div class=\"elementor-widget-container\">\n\t\t\t\t\t<h1 class=\"elementor-heading-title elementor-size-default\">Magia del vetro di Murano:<\/h1>\t\t\t\t<\/div>\n\t\t\t\t<\/div>\n\t\t\t\t<div class=\"elementor-element elementor-element-50b53cfa elementor-widget elementor-widget-heading\" data-id=\"50b53cfa\" data-element_type=\"widget\" data-e-type=\"widget\" data-widget_type=\"heading.default\">\n\t\t\t\t<div class=\"elementor-widget-container\">\n\t\t\t\t\t<h2 class=\"elementor-heading-title elementor-size-default\">Arte e tradizione in ogni creazione<\/h2>\t\t\t\t<\/div>\n\t\t\t\t<\/div>\n\t\t\t\t<div class=\"elementor-element elementor-element-16a6e5ef elementor-widget elementor-widget-text-editor\" data-id=\"16a6e5ef\" data-element_type=\"widget\" data-e-type=\"widget\" data-widget_type=\"text-editor.default\">\n\t\t\t\t<div class=\"elementor-widget-container\">\n\t\t\t\t\t\t\t\t\t<p>Il vetro non \u00e8 solo un materiale, ma l&#8217;anima della cultura e della tradizione veneziana. \u00c8 un simbolo di eccellenza e motivo di orgoglio per chi nel settore, come i maestri vetrai di V\u00e9V\u00e9 Glass, conosce ogni segreto dietro l&#8217;arte della lavorazione del vetro di Murano.<\/p>\n<ul>\n<li><em><strong>Trent&#8217;anni di storia<\/strong><\/em>: da oltre tre decenni, V\u00e9V\u00e9 Glass si dedica a mantenere viva l&#8217;antica storia del vetro di Murano. La nostra dedizione si basa sulla passione, il know-how e un impegno incondizionato nell&#8217;adattarsi ai desideri del mercato, ma la nostra essenza rimane immutata: l&#8217;artigianalit\u00e0 del vetro di Murano. \u00c8 cos\u00ec che la fusione tra passato e presente si manifesta in ogni angolo, in ogni riflesso del vetro.<\/li>\n<li><em><strong>Tradizione e innovazione<\/strong><\/em>: radicati nella tradizione ma proiettati nel futuro, abbiamo un team esperto di maestri vetrai che progettano e danno vita a creazioni senza pari. Ogni opera, che si tratti di una scultura sottile per la tua casa o di grandi pannelli decorativi per ambienti prestigiosi, testimonia il nostro amore per l&#8217;arte e la bellezza.<\/li>\n<li><em><strong>Personalizzazione senza limiti<\/strong><\/em>: non poniamo limiti alla tua immaginazione, che si tratti di vetrate artistiche per un ambiente privato piuttosto che per uno spazio pubblico. Forme, dimensioni, colori, design, sfumature: ogni desiderio trova realizzazione nelle mani degli esperti maestri vetrai V\u00e9V\u00e9 Glass.<\/li>\n<\/ul>\n<p>Se cerchi l&#8217;unicit\u00e0 e vuoi stupire con un tocco di classe e originalit\u00e0, opta per elementi d&#8217;arredo con lavorazione artistica del vetro di Murano firmati V\u00e9V\u00e9 Glass, dove ogni dettaglio diventa un inno all&#8217;eleganza e alla qualit\u00e0. Scegliere V\u00e9V\u00e9 Glass significa abbracciare un patrimonio di lusso, storia e raffinata artigianalit\u00e0, capace di trasformare spazi e momenti in indimenticabili esperienze sensoriali.<\/p>\n\t\t\t\t\t\t\t\t<\/div>\n\t\t\t\t<\/div>\n\t\t\t\t<div class=\"elementor-element elementor-element-16013cfe elementor-align-center elementor-widget elementor-widget-button\" data-id=\"16013cfe\" data-element_type=\"widget\" data-e-type=\"widget\" data-widget_type=\"button.default\">\n\t\t\t\t<div class=\"elementor-widget-container\">\n\t\t\t\t\t\t\t\t\t<div class=\"elementor-button-wrapper\">\n\t\t\t\t\t<a class=\"elementor-button elementor-button-link elementor-size-sm\" href=\"https:\/\/www.veveglass.com\/it\/cataloghi\/\">\n\t\t\t\t\t\t<span class=\"elementor-button-content-wrapper\">\n\t\t\t\t\t\t\t\t\t<span class=\"elementor-button-text\">Richiedi un catalogo gratuito!<\/span>\n\t\t\t\t\t<\/span>\n\t\t\t\t\t<\/a>\n\t\t\t\t<\/div>\n\t\t\t\t\t\t\t\t<\/div>\n\t\t\t\t<\/div>\n\t\t\t\t\t<\/div>\n\t\t<\/div>\n\t\t\t\t\t<\/div>\n\t\t<\/section>\n\t\t\t\t<\/div>\n\t\t","protected":false},"excerpt":{"rendered":"<p>ARTE &#038; DESIGNsinergie, emozioni Progettiamo decorazioni in vetro di Murano eleganti e senza tempo per un interior design su misura con un raffinato stile italiano SCOPRI DI PI\u00d9ARTE &#038; DESIGNsinergie, emozioni Progettiamo decorazioni in vetro di Murano eleganti e senza tempo per un interior design su misura con un raffinato stile italiano SCOPRI DI PI\u00d9ARTE [&hellip;]<\/p>\n","protected":false},"author":1,"featured_media":0,"parent":0,"menu_order":14,"comment_status":"closed","ping_status":"closed","template":"","meta":{"ocean_post_layout":"","ocean_both_sidebars_style":"","ocean_both_sidebars_content_width":0,"ocean_both_sidebars_sidebars_width":0,"ocean_sidebar":"0","ocean_second_sidebar":"0","ocean_disable_margins":"on","ocean_add_body_class":"","ocean_shortcode_before_top_bar":"","ocean_shortcode_after_top_bar":"","ocean_shortcode_before_header":"","ocean_shortcode_after_header":"","ocean_has_shortcode":"","ocean_shortcode_after_title":"","ocean_shortcode_before_footer_widgets":"","ocean_shortcode_after_footer_widgets":"","ocean_shortcode_before_footer_bottom":"","ocean_shortcode_after_footer_bottom":"","ocean_display_top_bar":"default","ocean_display_header":"default","ocean_header_style":"","ocean_center_header_left_menu":"0","ocean_custom_header_template":"0","ocean_custom_logo":0,"ocean_custom_retina_logo":0,"ocean_custom_logo_max_width":0,"ocean_custom_logo_tablet_max_width":0,"ocean_custom_logo_mobile_max_width":0,"ocean_custom_logo_max_height":0,"ocean_custom_logo_tablet_max_height":0,"ocean_custom_logo_mobile_max_height":0,"ocean_header_custom_menu":"0","ocean_menu_typo_font_family":"0","ocean_menu_typo_font_subset":"","ocean_menu_typo_font_size":0,"ocean_menu_typo_font_size_tablet":0,"ocean_menu_typo_font_size_mobile":0,"ocean_menu_typo_font_size_unit":"px","ocean_menu_typo_font_weight":"","ocean_menu_typo_font_weight_tablet":"","ocean_menu_typo_font_weight_mobile":"","ocean_menu_typo_transform":"","ocean_menu_typo_transform_tablet":"","ocean_menu_typo_transform_mobile":"","ocean_menu_typo_line_height":0,"ocean_menu_typo_line_height_tablet":0,"ocean_menu_typo_line_height_mobile":0,"ocean_menu_typo_line_height_unit":"","ocean_menu_typo_spacing":0,"ocean_menu_typo_spacing_tablet":0,"ocean_menu_typo_spacing_mobile":0,"ocean_menu_typo_spacing_unit":"","ocean_menu_link_color":"","ocean_menu_link_color_hover":"","ocean_menu_link_color_active":"","ocean_menu_link_background":"","ocean_menu_link_hover_background":"","ocean_menu_link_active_background":"","ocean_menu_social_links_bg":"","ocean_menu_social_hover_links_bg":"","ocean_menu_social_links_color":"","ocean_menu_social_hover_links_color":"","ocean_disable_title":"on","ocean_disable_heading":"default","ocean_post_title":"","ocean_post_subheading":"","ocean_post_title_style":"","ocean_post_title_background_color":"","ocean_post_title_background":0,"ocean_post_title_bg_image_position":"","ocean_post_title_bg_image_attachment":"","ocean_post_title_bg_image_repeat":"","ocean_post_title_bg_image_size":"","ocean_post_title_height":0,"ocean_post_title_bg_overlay":0.5,"ocean_post_title_bg_overlay_color":"","ocean_disable_breadcrumbs":"default","ocean_breadcrumbs_color":"","ocean_breadcrumbs_separator_color":"","ocean_breadcrumbs_links_color":"","ocean_breadcrumbs_links_hover_color":"","ocean_display_footer_widgets":"default","ocean_display_footer_bottom":"default","ocean_custom_footer_template":"0","footnotes":""},"class_list":["post-9928","page","type-page","status-publish","hentry","entry"],"_links":{"self":[{"href":"https:\/\/www.veveglass.com\/it\/wp-json\/wp\/v2\/pages\/9928","targetHints":{"allow":["GET"]}}],"collection":[{"href":"https:\/\/www.veveglass.com\/it\/wp-json\/wp\/v2\/pages"}],"about":[{"href":"https:\/\/www.veveglass.com\/it\/wp-json\/wp\/v2\/types\/page"}],"author":[{"embeddable":true,"href":"https:\/\/www.veveglass.com\/it\/wp-json\/wp\/v2\/users\/1"}],"replies":[{"embeddable":true,"href":"https:\/\/www.veveglass.com\/it\/wp-json\/wp\/v2\/comments?post=9928"}],"version-history":[{"count":135,"href":"https:\/\/www.veveglass.com\/it\/wp-json\/wp\/v2\/pages\/9928\/revisions"}],"predecessor-version":[{"id":19872,"href":"https:\/\/www.veveglass.com\/it\/wp-json\/wp\/v2\/pages\/9928\/revisions\/19872"}],"wp:attachment":[{"href":"https:\/\/www.veveglass.com\/it\/wp-json\/wp\/v2\/media?parent=9928"}],"curies":[{"name":"wp","href":"https:\/\/api.w.org\/{rel}","templated":true}]}}