{"id":9987,"date":"2021-05-05T17:53:55","date_gmt":"2021-05-05T16:53:55","guid":{"rendered":"https:\/\/www.veveglass.com\/portfolio\/su-misura\/"},"modified":"2025-09-20T13:09:15","modified_gmt":"2025-09-20T12:09:15","slug":"su-misura","status":"publish","type":"page","link":"https:\/\/www.veveglass.com\/it\/su-misura\/","title":{"rendered":"Su misura"},"content":{"rendered":"\t\t<div data-elementor-type=\"wp-page\" data-elementor-id=\"9987\" class=\"elementor elementor-9987 elementor-6472\" data-elementor-post-type=\"page\">\n\t\t\t\t\t\t<section class=\"elementor-section elementor-top-section elementor-element elementor-element-980329d elementor-section-stretched elementor-section-boxed elementor-section-height-default elementor-section-height-default\" data-id=\"980329d\" data-element_type=\"section\" data-e-type=\"section\" data-settings=\"{&quot;stretch_section&quot;:&quot;section-stretched&quot;,&quot;background_background&quot;:&quot;classic&quot;}\">\n\t\t\t\t\t\t<div class=\"elementor-container elementor-column-gap-default\">\n\t\t\t\t\t<div class=\"elementor-column elementor-col-100 elementor-top-column elementor-element elementor-element-32e7377\" data-id=\"32e7377\" data-element_type=\"column\" data-e-type=\"column\">\n\t\t\t<div class=\"elementor-widget-wrap elementor-element-populated\">\n\t\t\t\t\t\t<div class=\"elementor-element elementor-element-3e4c178 elementor-widget elementor-widget-spacer\" data-id=\"3e4c178\" data-element_type=\"widget\" data-e-type=\"widget\" data-widget_type=\"spacer.default\">\n\t\t\t\t<div class=\"elementor-widget-container\">\n\t\t\t\t\t\t\t<div class=\"elementor-spacer\">\n\t\t\t<div class=\"elementor-spacer-inner\"><\/div>\n\t\t<\/div>\n\t\t\t\t\t\t<\/div>\n\t\t\t\t<\/div>\n\t\t\t\t\t<\/div>\n\t\t<\/div>\n\t\t\t\t\t<\/div>\n\t\t<\/section>\n\t\t\t\t<section class=\"elementor-section elementor-top-section elementor-element elementor-element-745c4c7c elementor-section-height-min-height elementor-section-stretched elementor-section-boxed elementor-section-height-default elementor-section-items-middle\" data-id=\"745c4c7c\" data-element_type=\"section\" data-e-type=\"section\" data-settings=\"{&quot;background_background&quot;:&quot;classic&quot;,&quot;stretch_section&quot;:&quot;section-stretched&quot;}\">\n\t\t\t\t\t\t<div class=\"elementor-container elementor-column-gap-no\">\n\t\t\t\t\t<div class=\"elementor-column elementor-col-100 elementor-top-column elementor-element elementor-element-2ff12c08 frostedglass\" data-id=\"2ff12c08\" data-element_type=\"column\" data-e-type=\"column\" data-settings=\"{&quot;background_background&quot;:&quot;classic&quot;}\">\n\t\t\t<div class=\"elementor-widget-wrap elementor-element-populated\">\n\t\t\t\t\t\t<div class=\"elementor-element elementor-element-479f8c68 elementor-widget elementor-widget-heading\" data-id=\"479f8c68\" data-element_type=\"widget\" data-e-type=\"widget\" data-widget_type=\"heading.default\">\n\t\t\t\t<div class=\"elementor-widget-container\">\n\t\t\t\t\t<h2 class=\"elementor-heading-title elementor-size-default\">Su misura<\/h2>\t\t\t\t<\/div>\n\t\t\t\t<\/div>\n\t\t\t\t<div class=\"elementor-element elementor-element-422b79f6 elementor-widget elementor-widget-text-editor\" data-id=\"422b79f6\" data-element_type=\"widget\" data-e-type=\"widget\" data-widget_type=\"text-editor.default\">\n\t\t\t\t<div class=\"elementor-widget-container\">\n\t\t\t\t\t\t\t\t\t<p>Partiamo dalle tue idee per dare forma a oggetti in vetro su misura<\/p>\n\t\t\t\t\t\t\t\t<\/div>\n\t\t\t\t<\/div>\n\t\t\t\t\t<\/div>\n\t\t<\/div>\n\t\t\t\t\t<\/div>\n\t\t<\/section>\n\t\t\t\t<section class=\"elementor-section elementor-top-section elementor-element elementor-element-451f3de6 elementor-section-height-min-height elementor-section-stretched elementor-section-full_width elementor-section-height-default elementor-section-items-middle\" data-id=\"451f3de6\" data-element_type=\"section\" data-e-type=\"section\" data-settings=\"{&quot;background_background&quot;:&quot;gradient&quot;,&quot;stretch_section&quot;:&quot;section-stretched&quot;}\">\n\t\t\t\t\t\t<div class=\"elementor-container elementor-column-gap-default\">\n\t\t\t\t\t<div class=\"elementor-column elementor-col-33 elementor-top-column elementor-element elementor-element-3740a5da\" data-id=\"3740a5da\" data-element_type=\"column\" data-e-type=\"column\">\n\t\t\t<div class=\"elementor-widget-wrap elementor-element-populated\">\n\t\t\t\t\t\t<div class=\"elementor-element elementor-element-56e0fd51 elementor-widget elementor-widget-image\" data-id=\"56e0fd51\" data-element_type=\"widget\" data-e-type=\"widget\" data-widget_type=\"image.default\">\n\t\t\t\t<div class=\"elementor-widget-container\">\n\t\t\t\t\t\t\t\t\t\t\t\t\t\t\t\t<a href=\"https:\/\/www.veveglass.com\/it\/su-misura\/contract\/\">\n\t\t\t\t\t\t\t<img fetchpriority=\"high\" decoding=\"async\" width=\"1024\" height=\"1024\" src=\"https:\/\/www.veveglass.com\/wp-content\/uploads\/2023\/08\/alhambra-jacuzzi.jpg\" class=\"attachment-large size-large wp-image-14766\" alt=\"\" srcset=\"https:\/\/www.veveglass.com\/wp-content\/uploads\/2023\/08\/alhambra-jacuzzi.jpg 1024w, https:\/\/www.veveglass.com\/wp-content\/uploads\/2023\/08\/alhambra-jacuzzi-300x300.jpg 300w, https:\/\/www.veveglass.com\/wp-content\/uploads\/2023\/08\/alhambra-jacuzzi-150x150.jpg 150w, https:\/\/www.veveglass.com\/wp-content\/uploads\/2023\/08\/alhambra-jacuzzi-768x768.jpg 768w, https:\/\/www.veveglass.com\/wp-content\/uploads\/2023\/08\/alhambra-jacuzzi-600x600.jpg 600w\" sizes=\"(max-width: 1024px) 100vw, 1024px\" \/>\t\t\t\t\t\t\t\t<\/a>\n\t\t\t\t\t\t\t\t\t\t\t\t\t\t\t<\/div>\n\t\t\t\t<\/div>\n\t\t\t\t<div class=\"elementor-element elementor-element-263871f3 elementor-widget elementor-widget-heading\" data-id=\"263871f3\" data-element_type=\"widget\" data-e-type=\"widget\" data-widget_type=\"heading.default\">\n\t\t\t\t<div class=\"elementor-widget-container\">\n\t\t\t\t\t<h2 class=\"elementor-heading-title elementor-size-default\"><a href=\"https:\/\/www.veveglass.com\/it\/su-misura\/contract\/\"><br><br>CONTRACT<br><br><\/a><\/h2>\t\t\t\t<\/div>\n\t\t\t\t<\/div>\n\t\t\t\t\t<\/div>\n\t\t<\/div>\n\t\t\t\t<div class=\"elementor-column elementor-col-33 elementor-top-column elementor-element elementor-element-61700b66\" data-id=\"61700b66\" data-element_type=\"column\" data-e-type=\"column\">\n\t\t\t<div class=\"elementor-widget-wrap elementor-element-populated\">\n\t\t\t\t\t\t<div class=\"elementor-element elementor-element-1bd1de7a elementor-widget elementor-widget-image\" data-id=\"1bd1de7a\" data-element_type=\"widget\" data-e-type=\"widget\" data-widget_type=\"image.default\">\n\t\t\t\t<div class=\"elementor-widget-container\">\n\t\t\t\t\t\t\t\t\t\t\t\t\t\t\t\t<a href=\"https:\/\/www.veveglass.com\/it\/su-misura\/referenze\/\">\n\t\t\t\t\t\t\t<img decoding=\"async\" width=\"1024\" height=\"1024\" src=\"https:\/\/www.veveglass.com\/wp-content\/uploads\/2023\/08\/bookstore-malaga.jpg\" class=\"attachment-large size-large wp-image-14768\" alt=\"\" srcset=\"https:\/\/www.veveglass.com\/wp-content\/uploads\/2023\/08\/bookstore-malaga.jpg 1024w, https:\/\/www.veveglass.com\/wp-content\/uploads\/2023\/08\/bookstore-malaga-300x300.jpg 300w, https:\/\/www.veveglass.com\/wp-content\/uploads\/2023\/08\/bookstore-malaga-150x150.jpg 150w, https:\/\/www.veveglass.com\/wp-content\/uploads\/2023\/08\/bookstore-malaga-768x768.jpg 768w, https:\/\/www.veveglass.com\/wp-content\/uploads\/2023\/08\/bookstore-malaga-600x600.jpg 600w\" sizes=\"(max-width: 1024px) 100vw, 1024px\" \/>\t\t\t\t\t\t\t\t<\/a>\n\t\t\t\t\t\t\t\t\t\t\t\t\t\t\t<\/div>\n\t\t\t\t<\/div>\n\t\t\t\t<div class=\"elementor-element elementor-element-3074f655 elementor-widget elementor-widget-heading\" data-id=\"3074f655\" data-element_type=\"widget\" data-e-type=\"widget\" data-widget_type=\"heading.default\">\n\t\t\t\t<div class=\"elementor-widget-container\">\n\t\t\t\t\t<h2 class=\"elementor-heading-title elementor-size-default\"><a href=\"https:\/\/www.veveglass.com\/it\/su-misura\/referenze\/\"><br><br>PROGETTI<br><br><\/a><\/h2>\t\t\t\t<\/div>\n\t\t\t\t<\/div>\n\t\t\t\t\t<\/div>\n\t\t<\/div>\n\t\t\t\t<div class=\"elementor-column elementor-col-33 elementor-top-column elementor-element elementor-element-384c48cf\" data-id=\"384c48cf\" data-element_type=\"column\" data-e-type=\"column\">\n\t\t\t<div class=\"elementor-widget-wrap elementor-element-populated\">\n\t\t\t\t\t\t<div class=\"elementor-element elementor-element-769fe7f8 elementor-widget elementor-widget-image\" data-id=\"769fe7f8\" data-element_type=\"widget\" data-e-type=\"widget\" data-widget_type=\"image.default\">\n\t\t\t\t<div class=\"elementor-widget-container\">\n\t\t\t\t\t\t\t\t\t\t\t\t\t\t\t\t<a href=\"https:\/\/www.veveglass.com\/it\/su-misura\/inspiration-design\/\">\n\t\t\t\t\t\t\t<img decoding=\"async\" width=\"1024\" height=\"1024\" src=\"https:\/\/www.veveglass.com\/wp-content\/uploads\/2025\/03\/inspiration-design-v2.jpg\" class=\"attachment-large size-large wp-image-19770\" alt=\"\" srcset=\"https:\/\/www.veveglass.com\/wp-content\/uploads\/2025\/03\/inspiration-design-v2.jpg 1024w, https:\/\/www.veveglass.com\/wp-content\/uploads\/2025\/03\/inspiration-design-v2-300x300.jpg 300w, https:\/\/www.veveglass.com\/wp-content\/uploads\/2025\/03\/inspiration-design-v2-150x150.jpg 150w, https:\/\/www.veveglass.com\/wp-content\/uploads\/2025\/03\/inspiration-design-v2-768x768.jpg 768w, https:\/\/www.veveglass.com\/wp-content\/uploads\/2025\/03\/inspiration-design-v2-600x600.jpg 600w\" sizes=\"(max-width: 1024px) 100vw, 1024px\" \/>\t\t\t\t\t\t\t\t<\/a>\n\t\t\t\t\t\t\t\t\t\t\t\t\t\t\t<\/div>\n\t\t\t\t<\/div>\n\t\t\t\t<div class=\"elementor-element elementor-element-6bbb2b57 elementor-widget elementor-widget-heading\" data-id=\"6bbb2b57\" data-element_type=\"widget\" data-e-type=\"widget\" data-widget_type=\"heading.default\">\n\t\t\t\t<div class=\"elementor-widget-container\">\n\t\t\t\t\t<h2 class=\"elementor-heading-title elementor-size-default\"><a href=\"https:\/\/www.veveglass.com\/it\/su-misura\/inspiration-design\/\"><br><br>ISPIRAZIONE<br><br><\/a><\/h2>\t\t\t\t<\/div>\n\t\t\t\t<\/div>\n\t\t\t\t\t<\/div>\n\t\t<\/div>\n\t\t\t\t\t<\/div>\n\t\t<\/section>\n\t\t\t\t<section class=\"elementor-section elementor-top-section elementor-element elementor-element-e4d6b12 elementor-section-height-min-height elementor-section-stretched elementor-section-full_width elementor-section-height-default elementor-section-items-middle\" data-id=\"e4d6b12\" data-element_type=\"section\" data-e-type=\"section\" data-settings=\"{&quot;background_background&quot;:&quot;gradient&quot;,&quot;stretch_section&quot;:&quot;section-stretched&quot;}\">\n\t\t\t\t\t\t<div class=\"elementor-container elementor-column-gap-default\">\n\t\t\t\t\t<div class=\"elementor-column elementor-col-33 elementor-top-column elementor-element elementor-element-176b4d1\" data-id=\"176b4d1\" data-element_type=\"column\" data-e-type=\"column\">\n\t\t\t<div class=\"elementor-widget-wrap elementor-element-populated\">\n\t\t\t\t\t\t<div class=\"elementor-element elementor-element-9ab986d elementor-widget elementor-widget-image\" data-id=\"9ab986d\" data-element_type=\"widget\" data-e-type=\"widget\" data-widget_type=\"image.default\">\n\t\t\t\t<div class=\"elementor-widget-container\">\n\t\t\t\t\t\t\t\t\t\t\t\t\t\t\t\t<a href=\"https:\/\/www.veveglass.com\/it\/eventi-2\/\">\n\t\t\t\t\t\t\t<img loading=\"lazy\" decoding=\"async\" width=\"1024\" height=\"1024\" src=\"https:\/\/www.veveglass.com\/wp-content\/uploads\/2025\/09\/DLS-2025-v13.jpg\" class=\"attachment-large size-large wp-image-20695\" alt=\"Design London Shoreditch 2025\" srcset=\"https:\/\/www.veveglass.com\/wp-content\/uploads\/2025\/09\/DLS-2025-v13.jpg 1024w, https:\/\/www.veveglass.com\/wp-content\/uploads\/2025\/09\/DLS-2025-v13-300x300.jpg 300w, https:\/\/www.veveglass.com\/wp-content\/uploads\/2025\/09\/DLS-2025-v13-150x150.jpg 150w, https:\/\/www.veveglass.com\/wp-content\/uploads\/2025\/09\/DLS-2025-v13-768x768.jpg 768w, https:\/\/www.veveglass.com\/wp-content\/uploads\/2025\/09\/DLS-2025-v13-600x600.jpg 600w\" sizes=\"(max-width: 1024px) 100vw, 1024px\" \/>\t\t\t\t\t\t\t\t<\/a>\n\t\t\t\t\t\t\t\t\t\t\t\t\t\t\t<\/div>\n\t\t\t\t<\/div>\n\t\t\t\t<div class=\"elementor-element elementor-element-a500225 elementor-widget elementor-widget-heading\" data-id=\"a500225\" data-element_type=\"widget\" data-e-type=\"widget\" data-widget_type=\"heading.default\">\n\t\t\t\t<div class=\"elementor-widget-container\">\n\t\t\t\t\t<h2 class=\"elementor-heading-title elementor-size-default\"><a href=\"https:\/\/www.veveglass.com\/it\/eventi-2\/\"><br><br>FIERE<br><br><\/a><\/h2>\t\t\t\t<\/div>\n\t\t\t\t<\/div>\n\t\t\t\t\t<\/div>\n\t\t<\/div>\n\t\t\t\t<div class=\"elementor-column elementor-col-33 elementor-top-column elementor-element elementor-element-5604ced\" data-id=\"5604ced\" data-element_type=\"column\" data-e-type=\"column\">\n\t\t\t<div class=\"elementor-widget-wrap elementor-element-populated\">\n\t\t\t\t\t\t<div class=\"elementor-element elementor-element-4f5b937 elementor-widget elementor-widget-image\" data-id=\"4f5b937\" data-element_type=\"widget\" data-e-type=\"widget\" data-widget_type=\"image.default\">\n\t\t\t\t<div class=\"elementor-widget-container\">\n\t\t\t\t\t\t\t\t\t\t\t\t\t\t\t\t<a href=\"https:\/\/www.veveglass.com\/it\/regali-aziendali\/\">\n\t\t\t\t\t\t\t<img loading=\"lazy\" decoding=\"async\" width=\"1024\" height=\"1024\" src=\"https:\/\/www.veveglass.com\/wp-content\/uploads\/2025\/09\/michelin-v1.jpg\" class=\"attachment-large size-large wp-image-20698\" alt=\"corporate gifts\" srcset=\"https:\/\/www.veveglass.com\/wp-content\/uploads\/2025\/09\/michelin-v1.jpg 1024w, https:\/\/www.veveglass.com\/wp-content\/uploads\/2025\/09\/michelin-v1-300x300.jpg 300w, https:\/\/www.veveglass.com\/wp-content\/uploads\/2025\/09\/michelin-v1-150x150.jpg 150w, https:\/\/www.veveglass.com\/wp-content\/uploads\/2025\/09\/michelin-v1-768x768.jpg 768w, https:\/\/www.veveglass.com\/wp-content\/uploads\/2025\/09\/michelin-v1-600x600.jpg 600w\" sizes=\"(max-width: 1024px) 100vw, 1024px\" \/>\t\t\t\t\t\t\t\t<\/a>\n\t\t\t\t\t\t\t\t\t\t\t\t\t\t\t<\/div>\n\t\t\t\t<\/div>\n\t\t\t\t<div class=\"elementor-element elementor-element-b628d55 elementor-widget elementor-widget-heading\" data-id=\"b628d55\" data-element_type=\"widget\" data-e-type=\"widget\" data-widget_type=\"heading.default\">\n\t\t\t\t<div class=\"elementor-widget-container\">\n\t\t\t\t\t<h2 class=\"elementor-heading-title elementor-size-default\"><a href=\"https:\/\/www.veveglass.com\/it\/regali-aziendali\/\"><br><br>REGALI AZIENDALI<br><br><\/a><\/h2>\t\t\t\t<\/div>\n\t\t\t\t<\/div>\n\t\t\t\t\t<\/div>\n\t\t<\/div>\n\t\t\t\t<div class=\"elementor-column elementor-col-33 elementor-top-column elementor-element elementor-element-af0c0ea\" data-id=\"af0c0ea\" data-element_type=\"column\" data-e-type=\"column\">\n\t\t\t<div class=\"elementor-widget-wrap elementor-element-populated\">\n\t\t\t\t\t\t<div class=\"elementor-element elementor-element-0af9f42 elementor-widget elementor-widget-image\" data-id=\"0af9f42\" data-element_type=\"widget\" data-e-type=\"widget\" data-widget_type=\"image.default\">\n\t\t\t\t<div class=\"elementor-widget-container\">\n\t\t\t\t\t\t\t\t\t\t\t\t\t\t\t<img loading=\"lazy\" decoding=\"async\" width=\"512\" height=\"512\" src=\"https:\/\/www.veveglass.com\/wp-content\/uploads\/2019\/09\/cropped-logo-160x160-instagram.jpg\" class=\"attachment-large size-large wp-image-8357\" alt=\"\" srcset=\"https:\/\/www.veveglass.com\/wp-content\/uploads\/2019\/09\/cropped-logo-160x160-instagram.jpg 512w, https:\/\/www.veveglass.com\/wp-content\/uploads\/2019\/09\/cropped-logo-160x160-instagram-150x150.jpg 150w, https:\/\/www.veveglass.com\/wp-content\/uploads\/2019\/09\/cropped-logo-160x160-instagram-300x300.jpg 300w, https:\/\/www.veveglass.com\/wp-content\/uploads\/2019\/09\/cropped-logo-160x160-instagram-270x270.jpg 270w, https:\/\/www.veveglass.com\/wp-content\/uploads\/2019\/09\/cropped-logo-160x160-instagram-192x192.jpg 192w, https:\/\/www.veveglass.com\/wp-content\/uploads\/2019\/09\/cropped-logo-160x160-instagram-180x180.jpg 180w, https:\/\/www.veveglass.com\/wp-content\/uploads\/2019\/09\/cropped-logo-160x160-instagram-32x32.jpg 32w\" sizes=\"(max-width: 512px) 100vw, 512px\" \/>\t\t\t\t\t\t\t\t\t\t\t\t\t\t\t<\/div>\n\t\t\t\t<\/div>\n\t\t\t\t<div class=\"elementor-element elementor-element-02899d4 elementor-widget elementor-widget-heading\" data-id=\"02899d4\" data-element_type=\"widget\" data-e-type=\"widget\" data-widget_type=\"heading.default\">\n\t\t\t\t<div class=\"elementor-widget-container\">\n\t\t\t\t\t<h2 class=\"elementor-heading-title elementor-size-default\"><br><br>VEVEGLASS<br><br><\/h2>\t\t\t\t<\/div>\n\t\t\t\t<\/div>\n\t\t\t\t\t<\/div>\n\t\t<\/div>\n\t\t\t\t\t<\/div>\n\t\t<\/section>\n\t\t\t\t<section class=\"elementor-section elementor-top-section elementor-element elementor-element-1db95968 elementor-section-boxed elementor-section-height-default elementor-section-height-default\" data-id=\"1db95968\" data-element_type=\"section\" data-e-type=\"section\">\n\t\t\t\t\t\t<div class=\"elementor-container elementor-column-gap-default\">\n\t\t\t\t\t<div class=\"elementor-column elementor-col-100 elementor-top-column elementor-element elementor-element-993b40e\" data-id=\"993b40e\" data-element_type=\"column\" data-e-type=\"column\">\n\t\t\t<div class=\"elementor-widget-wrap elementor-element-populated\">\n\t\t\t\t\t\t<div class=\"elementor-element elementor-element-1cd0aa08 elementor-widget elementor-widget-spacer\" data-id=\"1cd0aa08\" data-element_type=\"widget\" data-e-type=\"widget\" data-widget_type=\"spacer.default\">\n\t\t\t\t<div class=\"elementor-widget-container\">\n\t\t\t\t\t\t\t<div class=\"elementor-spacer\">\n\t\t\t<div class=\"elementor-spacer-inner\"><\/div>\n\t\t<\/div>\n\t\t\t\t\t\t<\/div>\n\t\t\t\t<\/div>\n\t\t\t\t<div class=\"elementor-element elementor-element-2ff52729 elementor-widget elementor-widget-heading\" data-id=\"2ff52729\" data-element_type=\"widget\" data-e-type=\"widget\" data-widget_type=\"heading.default\">\n\t\t\t\t<div class=\"elementor-widget-container\">\n\t\t\t\t\t<h1 class=\"elementor-heading-title elementor-size-default\">SU MISURA<\/h1>\t\t\t\t<\/div>\n\t\t\t\t<\/div>\n\t\t\t\t<div class=\"elementor-element elementor-element-6e6fafab elementor-widget elementor-widget-heading\" data-id=\"6e6fafab\" data-element_type=\"widget\" data-e-type=\"widget\" data-widget_type=\"heading.default\">\n\t\t\t\t<div class=\"elementor-widget-container\">\n\t\t\t\t\t<h2 class=\"elementor-heading-title elementor-size-default\">Eleva i tuoi spazi con gli arredi su misura in vetro di Murano di V\u00e9V\u00e9 Glass, <br>specializzato in progetti contract di lusso. <br>Libera il potenziale della vetrofusione artistica.<\/h2>\t\t\t\t<\/div>\n\t\t\t\t<\/div>\n\t\t\t\t<div class=\"elementor-element elementor-element-5a0b3ffd elementor-widget elementor-widget-text-editor\" data-id=\"5a0b3ffd\" data-element_type=\"widget\" data-e-type=\"widget\" data-widget_type=\"text-editor.default\">\n\t\t\t\t<div class=\"elementor-widget-container\">\n\t\t\t\t\t\t\t\t\t<p>Nell&#8217;ambito dell&#8217;arredamento contract, <strong>la lavorazione del vetro su misura rappresenta una scelta di altissimo livello<\/strong>, sinonimo di raffinatezza ed eleganza senza paragoni. Con l&#8217;evolversi della domanda, sempre pi\u00f9 orientata verso personalizzazioni estreme dell\u2019esperienza, la vetro fusione artistica dell\u2019<strong>originale vetro di Murano<\/strong> <strong>garantisce risultati di alto livello<\/strong>. Le lavorazioni degli esperti mastri vetrai contribuiscono infatti a creare ambienti di lusso con finiture e arredi di grande pregio, in grado di soddisfare anche i gusti pi\u00f9 raffinati.<\/p>\n<p>V\u00e9V\u00e9 Glass offre un servizio di realizzazione di arredamento in vetro su misura, fornendo una vasta variet\u00e0 di soluzioni per impreziosire ogni ambiente. L&#8217;installazione delle creazioni degli artisti vetrai e mastri artigiani consente di aggiungere <strong>elementi di unicit\u00e0 ed esclusivit\u00e0<\/strong>, ideali per arredare gli spazi di hotel di lusso, navi da crociera e residenze prestigiose.<\/p>\n<p>Dai pi\u00f9 piccoli dettagli alle grandi sculture e pareti, le straordinarie caratteristiche del vetro permettono una lavorazione su misura completamente personalizzabile. Grazie a una vasta selezione di colori, forme e trasparenze, <strong>ogni pezzo avr\u00e0<\/strong> <strong>un aspetto unico e speciale<\/strong>. Una hall di un albergo di lusso potr\u00e0 ad esempio arricchirsi di fascino con elementi in vetro su misura, mentre una parete retroilluminata in vetro lavorato potr\u00e0 creare un&#8217;atmosfera suggestiva e indimenticabile nella sala ricevimenti di una villa.<\/p>\n<p>Affidati a V\u00e9V\u00e9 Glass per trasformare gli ambienti contract in spazi di grande raffinatezza ed eleganza, grazie all&#8217;utilizzo del vetro su misura, un elemento distintivo capace di valorizzare ogni ambiente con stile e originalit\u00e0.<\/p>\n<p>&nbsp;<\/p>\n\t\t\t\t\t\t\t\t<\/div>\n\t\t\t\t<\/div>\n\t\t\t\t<div class=\"elementor-element elementor-element-7e267440 elementor-align-center elementor-widget elementor-widget-button\" data-id=\"7e267440\" data-element_type=\"widget\" data-e-type=\"widget\" data-widget_type=\"button.default\">\n\t\t\t\t<div class=\"elementor-widget-container\">\n\t\t\t\t\t\t\t\t\t<div class=\"elementor-button-wrapper\">\n\t\t\t\t\t<a class=\"elementor-button elementor-button-link elementor-size-sm\" href=\"mailto:info@veveglass.com\">\n\t\t\t\t\t\t<span class=\"elementor-button-content-wrapper\">\n\t\t\t\t\t\t\t\t\t<span class=\"elementor-button-text\">Condividi la tua idea!<\/span>\n\t\t\t\t\t<\/span>\n\t\t\t\t\t<\/a>\n\t\t\t\t<\/div>\n\t\t\t\t\t\t\t\t<\/div>\n\t\t\t\t<\/div>\n\t\t\t\t\t<\/div>\n\t\t<\/div>\n\t\t\t\t\t<\/div>\n\t\t<\/section>\n\t\t\t\t<\/div>\n\t\t","protected":false},"excerpt":{"rendered":"<p>Su misura Partiamo dalle tue idee per dare forma a oggetti in vetro su misura CONTRACT PROGETTI ISPIRAZIONE FIERE REGALI AZIENDALI VEVEGLASS SU MISURA Eleva i tuoi spazi con gli arredi su misura in vetro di Murano di V\u00e9V\u00e9 Glass, specializzato in progetti contract di lusso. Libera il potenziale della vetrofusione artistica. Nell&#8217;ambito dell&#8217;arredamento contract, [&hellip;]<\/p>\n","protected":false},"author":1,"featured_media":0,"parent":0,"menu_order":6,"comment_status":"closed","ping_status":"closed","template":"","meta":{"ocean_post_layout":"full-screen","ocean_both_sidebars_style":"","ocean_both_sidebars_content_width":0,"ocean_both_sidebars_sidebars_width":0,"ocean_sidebar":"0","ocean_second_sidebar":"0","ocean_disable_margins":"enable","ocean_add_body_class":"","ocean_shortcode_before_top_bar":"","ocean_shortcode_after_top_bar":"","ocean_shortcode_before_header":"","ocean_shortcode_after_header":"","ocean_has_shortcode":"","ocean_shortcode_after_title":"","ocean_shortcode_before_footer_widgets":"","ocean_shortcode_after_footer_widgets":"","ocean_shortcode_before_footer_bottom":"","ocean_shortcode_after_footer_bottom":"","ocean_display_top_bar":"default","ocean_display_header":"default","ocean_header_style":"","ocean_center_header_left_menu":"0","ocean_custom_header_template":"0","ocean_custom_logo":0,"ocean_custom_retina_logo":0,"ocean_custom_logo_max_width":0,"ocean_custom_logo_tablet_max_width":0,"ocean_custom_logo_mobile_max_width":0,"ocean_custom_logo_max_height":0,"ocean_custom_logo_tablet_max_height":0,"ocean_custom_logo_mobile_max_height":0,"ocean_header_custom_menu":"0","ocean_menu_typo_font_family":"0","ocean_menu_typo_font_subset":"","ocean_menu_typo_font_size":0,"ocean_menu_typo_font_size_tablet":0,"ocean_menu_typo_font_size_mobile":0,"ocean_menu_typo_font_size_unit":"px","ocean_menu_typo_font_weight":"","ocean_menu_typo_font_weight_tablet":"","ocean_menu_typo_font_weight_mobile":"","ocean_menu_typo_transform":"","ocean_menu_typo_transform_tablet":"","ocean_menu_typo_transform_mobile":"","ocean_menu_typo_line_height":0,"ocean_menu_typo_line_height_tablet":0,"ocean_menu_typo_line_height_mobile":0,"ocean_menu_typo_line_height_unit":"","ocean_menu_typo_spacing":0,"ocean_menu_typo_spacing_tablet":0,"ocean_menu_typo_spacing_mobile":0,"ocean_menu_typo_spacing_unit":"","ocean_menu_link_color":"","ocean_menu_link_color_hover":"","ocean_menu_link_color_active":"","ocean_menu_link_background":"","ocean_menu_link_hover_background":"","ocean_menu_link_active_background":"","ocean_menu_social_links_bg":"","ocean_menu_social_hover_links_bg":"","ocean_menu_social_links_color":"","ocean_menu_social_hover_links_color":"","ocean_disable_title":"on","ocean_disable_heading":"default","ocean_post_title":"","ocean_post_subheading":"","ocean_post_title_style":"","ocean_post_title_background_color":"","ocean_post_title_background":0,"ocean_post_title_bg_image_position":"","ocean_post_title_bg_image_attachment":"","ocean_post_title_bg_image_repeat":"","ocean_post_title_bg_image_size":"","ocean_post_title_height":0,"ocean_post_title_bg_overlay":0.5,"ocean_post_title_bg_overlay_color":"","ocean_disable_breadcrumbs":"default","ocean_breadcrumbs_color":"","ocean_breadcrumbs_separator_color":"","ocean_breadcrumbs_links_color":"","ocean_breadcrumbs_links_hover_color":"","ocean_display_footer_widgets":"default","ocean_display_footer_bottom":"default","ocean_custom_footer_template":"0","footnotes":""},"class_list":["post-9987","page","type-page","status-publish","hentry","entry"],"_links":{"self":[{"href":"https:\/\/www.veveglass.com\/it\/wp-json\/wp\/v2\/pages\/9987","targetHints":{"allow":["GET"]}}],"collection":[{"href":"https:\/\/www.veveglass.com\/it\/wp-json\/wp\/v2\/pages"}],"about":[{"href":"https:\/\/www.veveglass.com\/it\/wp-json\/wp\/v2\/types\/page"}],"author":[{"embeddable":true,"href":"https:\/\/www.veveglass.com\/it\/wp-json\/wp\/v2\/users\/1"}],"replies":[{"embeddable":true,"href":"https:\/\/www.veveglass.com\/it\/wp-json\/wp\/v2\/comments?post=9987"}],"version-history":[{"count":56,"href":"https:\/\/www.veveglass.com\/it\/wp-json\/wp\/v2\/pages\/9987\/revisions"}],"predecessor-version":[{"id":20810,"href":"https:\/\/www.veveglass.com\/it\/wp-json\/wp\/v2\/pages\/9987\/revisions\/20810"}],"wp:attachment":[{"href":"https:\/\/www.veveglass.com\/it\/wp-json\/wp\/v2\/media?parent=9987"}],"curies":[{"name":"wp","href":"https:\/\/api.w.org\/{rel}","templated":true}]}}